{"id":106,"date":"2007-04-01T18:07:17","date_gmt":"2007-04-01T16:07:17","guid":{"rendered":"http:\/\/danverkoopjetochgewoonjehuis.nl\/?page_id=106"},"modified":"2007-04-01T18:07:17","modified_gmt":"2007-04-01T16:07:17","slug":"route","status":"publish","type":"page","link":"https:\/\/wordpress.bruins.tech\/?page_id=106","title":{"rendered":"Route"},"content":{"rendered":"<p><strong>HOE WIJ \u2018GEVAREN\u2019 ZIJN: <\/strong>[<strong><em>Chrono&#8217;logisch&#8217;:<\/em><\/strong> <strong><em>lezen van beneden naar boven<\/em><\/strong>]<\/p>\n<p><strong>*<\/strong>onze vaarroute tijdens het &#8220;Jaar van de overwintering in Z-Frankrijk&#8221;<strong> *<\/strong> [ofwel: &#8220;tussen Elahuizen-aan-het-Meer en Lunteren-in-het-Eikenbos&#8221; (2006\/2007)]<\/p>\n<hr \/>\n<p>Ruim een maand na onderstaande data hebben we de boot ondergebracht in een eigen Schiphuis te Terhorne&#8230;<\/p>\n<p>03.08.07 Nijkerk (Van hier uit richten we -na de 15de- ons &#8216;buiten&#8217;, onze boswoning dus, in&#8230;)<\/p>\n<p>31.07.07 Huizen (Prachtig stille Gemeentehaven &#8211;\u00a0ooit uitvalsbasis van Zuiderzeevissers op &#8216;HuizerBotters&#8217;)<\/p>\n<p>27.07.07 Weesp (Een uitgelezen plekje om weer een paar dagen te toeven -zie ook &#8216;PolitieBericht&#8217;)<\/p>\n<p>25.07.07 Utrecht &#8211; Weerdsluis, begin van de Vecht (na een mooie\u00a0binnengrachten &#8211; doorvaart)<\/p>\n<p>23.07.07 Culemborg (weer even lekker v\u00e1ren -je wilt er ook &#8216;wel eens even <em>uit<\/em>&#8216; nietwaar?)<\/p>\n<p>23.06.07 Wageningen (MAAND geboekt, auto gekocht in Ede, voorselektie gemaakt in\u00a0onze opslag te Dronrijp)<\/p>\n<p>22.06.07 Arnhem (van hieruit ook kijken naar een plek om langer -2 maanden?- te blijven&#8230;)<\/p>\n<p>21.06.07 Nijmegen (vandaag: Zonnewende &#8211; de langste dag )<\/p>\n<p>20.06.07 Mookerplas (een prachtige stille plaats, vlak voor de afslag van het Maas-Waalkanaal)<\/p>\n<p>19.06.07 Wanssum (Opstapper Kea met de vouwfiets van de trein uit Venray\u00a0gehaald)<\/p>\n<p>15.06.07 Roermond (blijven hier t\/m weekend &#8211; leuke stad, prettige maashavens &#8211; mooie omgeving.)<\/p>\n<p>13.06.07 Maastricht (weer terug in <strong>Nederland;<\/strong> na 3314 km. te water, 514 sluizen en zo&#8217;n 270 dagen..!)<\/p>\n<p>11.06.07 Luik (na uitzwaaien familie weer\u00a0even aan de was, aan de gegrilde kip, enz&#8230;)<\/p>\n<p>06.06.07 Namen (in afwachting van -letterlijk- een <em>zwikje <\/em>familie&#8230;)<\/p>\n<p>05.06.07 Dinant ( dus alweer in <strong>Belgi\u00eb <\/strong>en wel op <em>precies dezelfde plek <\/em>als 7 maanden geleden)<\/p>\n<p>04.06.07 Fumay (mooie kade, fraaie omgeving \u00e9n een flinke &#8216;Weilandwinkel&#8217; voor bevoorrading)<\/p>\n<p>03.06.07 Laifour (klein en lieflijk gelegen; wij \u00f3\u00f3k)<\/p>\n<p>02.06.07 Charleville-M\u00e9zi\u00e8res ( prachtdag, waardeloze aanleg Sedan, dus lekker doorgevaren -67 km. en 10 sluis)<\/p>\n<p>01.06.07 Stenay (wegens regen maar 14 km. verder\u00a0gegaan)<\/p>\n<p>31.05.07 Dun-sur-Meuse (bij mooi weer aangekomen, vr. regenachtig:\u00a0de Kids weer op de bus\u00a0gezet&#8230;)<\/p>\n<p>29.05.07 Verdun (om 12.00 aangekomen,\u00a0verder: zwerven in stad en historie)<\/p>\n<p>28.05.07 Dieue (met de knapen; een stopje tussen Toul en Verdun)<\/p>\n<p>24.05.07 Commercy (+ wachten op de Kids: komen kleine week meevaren!)<\/p>\n<p>22.05.07 Toul (paar dagen: nemen onze voormalige overburen\u00a0van hieruit\u00a0dagje mee)<\/p>\n<p>21.05.07 Richardm\u00e9nil (een pick-nic plekje &#8216;in the middle of nowhere&#8217;)<\/p>\n<p>19.05.07 Charmes (Voor twee dagen &#8211; lekker lopen, leuke plek &#8211; weer prachtweer)<\/p>\n<p>16.05.07 Epinal (\u00a0Waterscheiding gepasseerd, alweer 14 sluizen -zo&#8217;n 42 meter- oml\u00e1\u00e1g)<\/p>\n<p>15.05.07 Void-de-Girancourt ( 22 sluizen en 23 km. verder&#8230;)<\/p>\n<p>14.05.07 Bains les Bains ( maar 7 km. en 6 sluizen verder wegens Buien!)<\/p>\n<p>12.05.07 Fontenoy-le-Chateau ( h\u00e9\u00e9l leuk dal,\u00a0een km. of 17 gelopen ter verkenning..)<\/p>\n<p>10.05.07 Corre (de h\u00e9le Sa\u00f4ne achter de schroef, nu wordt &#8217;t weer 1 sluis per km. omhoog..)<\/p>\n<p>08.05.07 Fouch\u00e9court (<em>regen! <\/em>Lekker dus een dagje blijven liggen -&#8217;t ruikt wel heerlijk groen-)<\/p>\n<p>07.05.07 Scey-sur-Sa\u00f4ne (de eens machtige Sa\u00f4ne\u00a0begint hier op de &#8220;Jeltesloot&#8221;te lijken)<\/p>\n<p>06.05.07 Port de Savojeux (vogeldoof wardt je hier..)<\/p>\n<p>05.05.07 Gray (ook geen\u00a0220V hier, <em>toch <\/em>nieuwe el. tandenborstel gekocht &#8211; voor ooit&#8230;)<\/p>\n<p>04.05.07 Auxonne (\u00a0geen 220V hier, w\u00e9l klein uur t.v. gekeken -kost ca.12% accu inhoud)<\/p>\n<p>03.05.07 Seurre (we zijn weer onderweg naar &#8217;t &#8220;Hoge Noorden&#8221;)<\/p>\n<p>27.04.07 Chalon-sur-Sa\u00f4ne ( blijven hier weekje, o.m. voor onze 1 mei viering [40 jaar bij elkaar!])<\/p>\n<p>26.04.07 M\u00e2con (en jawel: pal naast een terras, dus tegen etenstijd&#8230;)<\/p>\n<p>25.04.07 Neuville-sur-S. (&#8217;s avonds\u00a0bij Franse buurboot op de champagne: wegens vrouw jarig..)<\/p>\n<p>23.04.07 Les Roches-de-Condrieu (zo&#8217;n 40 &#8216;water&#8217;km. ten zuiden van Lyon; op\u00a020.11.06 ook hier)<\/p>\n<p>20.04.07 Valence\u00a0(o.a. mijn 58ste verjaardag gevierd)<\/p>\n<p>19.04.07 Vivier<\/p>\n<p>18.04.07 Saint Eti\u00ebnne-des-Sorts (zo&#8217;n 40 km. Noord van Avignon)<\/p>\n<p>16.04.07 Avignon (stroomsnelheid Rh\u00f4ne tussen 2 en 4 km.p.uur, valt mee)<\/p>\n<p>15.04.07 \u00c9cluse Saint Gilles (aan de oever van de\u00a0Petit Rh\u00f4ne)<\/p>\n<p>11.04.07 Aigues Mortes (via S\u00e8te en een stukje Middellandse Zee)<\/p>\n<p>03.04.07 Marseillan (op Zout Water weer; blijven een week)<\/p>\n<p>02.04.07 Vias (weer vlakbij\u00a0de zee)<\/p>\n<p>20.03.07 Colombiers (wegens droogleggen sluizen B\u00e9ziers)<\/p>\n<p>19.03.07 Capestang <em>(van Friesland af: 280 sluizen tot hier..!)<\/em><\/p>\n<p>13.03.07 Narbonne (we halen Michiel voor een week uit de TGV)<\/p>\n<p>12.03.07 Sall\u00e8les d\u2019Aude (\u2018ongeauthoriseerd\u2019 schutten eindigt hier)<\/p>\n<p>11.03.07 Capestang (morgen even Canal du Midi af ri. Narbonne)<\/p>\n<p>07.03.07 Colombiers (terug om nieuwe splitter te laten plaatsen)<\/p>\n<p>06.03.07 le Somail (\u2018tamme\u2019 muskusrat \/ accu laad niet bij)<\/p>\n<p>06.02.07 Colombiers (\u201coverwinteren\u201d deel 2, incl. motoronderhoud)TGV..<\/p>\n<p>Rer TGV: Winter Intermezzo &#8211;\u00a031.01.07 Utrecht (terug bij Michiel, Kasper, vriendin); 27.01.07 Franeker (diverse kontakten Friesland bezocht); 26.01.07 Voorthuizen (familie); 25.01.07 Barneveld (familie; boswoning gekocht p. aug.); 23.01.07 Lunteren (familie; \u2018toekomstige Chalets\u2019 bekeken); 19.01.07 Utrecht (Michiel, Kasper, naar \u201cSpijkers\u201d(za.radio)); 18 jan. Brussel (gestrand met TGV wegens storm-uitval!)<\/p>\n<p>21.12.06 Colombiers (na 7sluizentrap te B\u00e9ziers, \u201coverwinteren\u201d, deel 1)<\/p>\n<p>20.12.06 Vias 19.02.06 Bagnas (<strong>canal du Midi<\/strong>, voor 1<sup>ste<\/sup> sluis: \u201c\u00e9cluse Bagnas\u201d)<\/p>\n<p>12.12.06 S\u00e9te (over zee naar de vissershaven gevaren)<\/p>\n<p>11.12.06 Frontignan (a. Zee)<\/p>\n<p>07.12.06 Carnon (aan de<strong> Middellandse Zee<\/strong>)<\/p>\n<p>05.12.06 Aigues-Mortes (na \u2018<strong>petite Rh\u00f4ne<\/strong>\u2019; 1300: Kruisvaarders voeren h\u00eder vanddan uit)<\/p>\n<p>03.12.06 Arles (Vincent: 300 werken in 2 jaar; hier van Rh\u00f4ne af)<\/p>\n<p>26.11.06 Avignon (vlak achter d\u00e9 \u2018pont \u2018d Avignon\u2019\u00a0!)<\/p>\n<p>25.11.06 Caderousse (sluizen tot aan 23 meter verval\u2026)<\/p>\n<p>25.11.06 Vivier (v\u00e9\u00e9l te onbekend\u00a0: prachtig Middeleeuws)<\/p>\n<p>21.11.06 Valence (gevoel &#8211; we z\u00edjn er!: \u00e9cht Zuidelijke stad)<\/p>\n<p>20.11.06 Les Roches de Condrieu; v.a Lyon op de <strong>Rh\u00f4ne<\/strong> !)<\/p>\n<p>19.11.06 Lyon (vorig jaar gezien; d\u00edchte mist: l\u00e1\u00e1t vertrokken..)<\/p>\n<p>18.11.06 Ma\u00e7on<\/p>\n<p>16.11.06 Chalon-sur-Sa\u00f4ne (m\u00f3\u00f3ie \u00e9n bootvriendelijke stad, Ned.&#8217;overwinter boten&#8217;)<\/p>\n<p>14.11.06 St.Jean de Losne<\/p>\n<p>13.11.06 Pontallier (v.a. nu op de <strong>Sa\u00f4ne<\/strong> en dus ook stroom mee)<\/p>\n<p>10.11.06 Ren\u00e8ve<\/p>\n<p>09.11.06 Cusey (21 sluizen lager en weer warmer, ook \u2019s nachts)<\/p>\n<p>08.11.06 Langres (hoogste punt, nu 6 km[!] tunnel, dan omlaag)<\/p>\n<p>07.11.06 Relampont<\/p>\n<p>03.11.06 Chaumont (hier Michiel+Kasper voor lang weekend)<\/p>\n<p>02.11.06 Froncles (voor \u2019t eerst \u2019s ochtends: rijp op de dekken!)<\/p>\n<p>30.10.06 Joinville(geen sluis: 31.10 \u2018allerzielen\u2019, 01.11 brug kapot)<\/p>\n<p>28.10.06 St.Dizier<\/p>\n<p>26.10.06 Vitry-le-Fran\u00e7ois (nu \u2019t <strong>canal de la Marne \u00e0 Sa\u00f4ne <\/strong>op)<\/p>\n<p>25.10.06 Ch\u00e2lons-en-Champagne<\/p>\n<p>24.10.06 Cond\u00e9-sur-Marne(Wim\/Tineke,<strong>canal lateral de la Marne<\/strong>)<\/p>\n<p>23.10.06 Reims (lekkere stad met veel oudheid)<\/p>\n<p>22.10.06 Berry-au-Bac (v.a. hier: <strong>canal de l\u2019Aisne \u00e0 la Marne<\/strong>)<\/p>\n<p>21.10.06 Rethel<\/p>\n<p>20.10.06 Attigny<\/p>\n<p>19.10.06 Le Chesne ( nu op \u2018t <strong>canal des Ardennes <\/strong>; pr\u00e1chtig\u00a0!)<\/p>\n<p>17.10.06 Charleville-M\u00e9zi\u00e8res (laatste stop aan de Franse Maas)<\/p>\n<p>16.10.06 Revin (eerste dag na \u2013maand- sluiting <strong>Franse Maas<\/strong> )<\/p>\n<p>09.10.06 Givet (nu in Frankrijk, dus vaarvignet bij VNF gekocht)<\/p>\n<p>27.09.06 Dinant (hier visite van: Riet\/Bert en Eef\/Ab)<\/p>\n<p>23.09.06 Namen (prachtplek, pracht uitzicht)<\/p>\n<p>21.09.06 Huy (rode diesel!, helaas maar ruimte voor 280 ltr.)<\/p>\n<p>20.09.06 Luik (<strong>Belgische Maas<\/strong>, stremming te Givet tot 16.10 duidelijk)<\/p>\n<p>18.09.06 Maastricht (na <strong>Juliana kanaal<\/strong>, visite Jaap\/Loes)<\/p>\n<p>15.09.06 Roermond ( Kasper&amp; Michiel aan boord)<\/p>\n<p>14.09.06 Kessel<\/p>\n<p>13.09.06 Wansum<\/p>\n<p>12.09.06 Gennep (na <strong>Pannerdens kanaal <\/strong>nu op de <strong>Maas <\/strong>)<\/p>\n<p>11.09.06 Nijmegen (na stuk Rijnop en <strong>Waal <\/strong>af nu direct bij de burcht)<\/p>\n<p>10.09.06 Arnhem (nu dus op de <strong>Rijn <\/strong>)<\/p>\n<p>09.09.06 Doesburg (ons nog bekend uit onze \u2018Doetinchem tijd\u2019)<\/p>\n<p>08.09.06 Zutphen<\/p>\n<p>07.09.06 Deventer(nu op de <strong>IJssel<\/strong>, op visite:Bertha Langendoen)<\/p>\n<p>05.09.06 Zwolle (via het <strong>Zwarte Water<\/strong>)<\/p>\n<p>04.09.06 Zwartsluis (<strong>Kalenberger gracht <\/strong>en<strong> Beulaker Weide<\/strong>)<\/p>\n<p>03.09.06 Driewegsluis (via <strong>Woudsend<\/strong>, <strong>Sloten <\/strong>en <strong>Tjeukemeer<\/strong>)<\/p>\n<p>3 sept. 2006: Vertrek uit Elahuizen naar: ^<\/p>\n","protected":false},"excerpt":{"rendered":"<p>HOE WIJ \u2018GEVAREN\u2019 ZIJN: [Chrono&#8217;logisch&#8217;: lezen van beneden naar boven] *onze vaarroute tijdens het &#8220;Jaar van de overwintering in Z-Frankrijk&#8221; * [ofwel: &#8220;tussen Elahuizen-aan-het-Meer en Lunteren-in-het-Eikenbos&#8221; (2006\/2007)] Ruim een maand na onderstaande data hebben we de boot ondergebracht in een eigen Schiphuis te Terhorne&#8230; 03.08.07 Nijkerk (Van hier uit richten we -na de 15de- ons &#8230; <a title=\"Route\" class=\"read-more\" href=\"https:\/\/wordpress.bruins.tech\/?page_id=106\" aria-label=\"Lees meer over Route\">Lees verder<\/a><\/p>\n","protected":false},"author":3,"featured_media":0,"parent":0,"menu_order":0,"comment_status":"closed","ping_status":"open","template":"","meta":{"footnotes":""},"class_list":["post-106","page","type-page","status-publish"],"_links":{"self":[{"href":"https:\/\/wordpress.bruins.tech\/index.php?rest_route=\/wp\/v2\/pages\/106","targetHints":{"allow":["GET"]}}],"collection":[{"href":"https:\/\/wordpress.bruins.tech\/index.php?rest_route=\/wp\/v2\/pages"}],"about":[{"href":"https:\/\/wordpress.bruins.tech\/index.php?rest_route=\/wp\/v2\/types\/page"}],"author":[{"embeddable":true,"href":"https:\/\/wordpress.bruins.tech\/index.php?rest_route=\/wp\/v2\/users\/3"}],"replies":[{"embeddable":true,"href":"https:\/\/wordpress.bruins.tech\/index.php?rest_route=%2Fwp%2Fv2%2Fcomments&post=106"}],"version-history":[{"count":0,"href":"https:\/\/wordpress.bruins.tech\/index.php?rest_route=\/wp\/v2\/pages\/106\/revisions"}],"wp:attachment":[{"href":"https:\/\/wordpress.bruins.tech\/index.php?rest_route=%2Fwp%2Fv2%2Fmedia&parent=106"}],"curies":[{"name":"wp","href":"https:\/\/api.w.org\/{rel}","templated":true}]}}