{"id":1109,"date":"2010-03-28T15:29:00","date_gmt":"2010-03-28T14:29:00","guid":{"rendered":"http:\/\/danverkoopjetochgewoonjehuis.nl\/?page_id=1109"},"modified":"2010-03-28T15:29:00","modified_gmt":"2010-03-28T14:29:00","slug":"over-kiezen","status":"publish","type":"page","link":"https:\/\/wordpress.bruins.tech\/?page_id=1109","title":{"rendered":"Over Kiezen.."},"content":{"rendered":"<p>Onlangs kochten wij zomaar een <em>echte, degelijke <\/em>caravan.<\/p>\n<p>Wat? <em>Jullie? <\/em>Een degelijke caravan?<\/p>\n<p>Er waren er meer die zo reageerden. Klaarblijkelijk worden wij niet met \u2018degelijk\u2019 geassocieerd.<\/p>\n<p>Niet dat ik daar bezwaar tegen heb, overigens.<\/p>\n<p>Een buurman, die zelf enorm gedetailleerd wikt, weegt en weer wikt alvorens tot welke keuze dan ook te komen, vroeg met meer precisie hoe <em>wij<\/em> tot d\u00e9ze aankoop, ook nog vrij spontaan, hebben kunnen komen. Een goede vraag <strong><em>want<\/em><\/strong> moeilijk of minstens meervoudig \u00a0te beantwoorden\u2026<\/p>\n<p>Hieronder wat opties. Kiest u zelf maar. Dat zal ik ook doen.<\/p>\n<p>En veel leesplezier (met misschien enige herkenning?).<\/p>\n<p>Eerst de feiten:<\/p>\n<p>* tot 2000 kamperen J&amp;H klein (lage, lichtgewicht nylontent, in opp. uitbreidbaar)<\/p>\n<p>* tot 2005 kamperen J&amp;H stahoog (tent \u00e1 la \u2018De Waard\u2019, waterdichte kuip e.d.)<\/p>\n<p>* tot 2010 \u2018kamperen\u2019 J&amp;H met kachel &amp; koelkast in z\u00e9\u00e9r kleine \u2018Eriba\u2019, 400 kg.)<\/p>\n<p>* va. 2010 \u201ckamperen\u201d J&amp;H met vast bed, kachel met ringverwarming, vloerverwarming, warmwaterboiler, koelkast, tv\/dvd met schotelontvangst, een eigen toilet, enz.<\/p>\n<p>Hoe is het mogelijk &#8230;?<\/p>\n<p>Verklaring 1: <strong>De <\/strong><strong>verloedering van een ooit zo \u2018basic\u2019 echtpaar<\/strong><\/p>\n<p>\u201cTja, het gaat zo sluipend, h\u00e9. Ooit, nog jong en idealistisch, neem je je voor <em>nooit <\/em>zo decadent te worden als je ouders, buren, alle volwassenen, de VVDstemmers en andere Rechtse Ballen *)<\/p>\n<p align=\"right\">*) doorhalen wat <em>niet <\/em>van toepassing is<\/p>\n<p>Maar dan valt \u2019t soms wat tegen solidair te blijken, lijkt \u2018links\u2019 ook al mee te doen met de RatRace en trouwens waar doe je het helemaal voor want \u2018de meeste mensen om je heen zijn steeds op hun eigen voordeel uit\u2019 en je kinderen puberen volstrekt egocentrisch dwars door je idealen heen.<\/p>\n<p>Dus, tja: dan schuif je wat op h\u00e9: je koopt naast die Max Havelaar en de Fair Trade toch ook wel wat eerder de Aanbieding van de Week, je vermindert je giften wat en trouwens die schoolgelden zijn niet mis. En assertiviteit lijkt je toch ook een steeds onmisbaarder eigenschap. En dan blijven die achterliggende waarden heus wel, maar op je eigen positie letten gaat toch per vijf jaar wat meer van \u201caf en toe \u00f3\u00f3k wel een beetje, natuurlijk\u201d naar: \u201cja, vanzelfsprekend!\u201d. En als je nog wat kritischer bent gebakken zelfs naar: \u201cwant anders pakken ze je waar je bij staat\u201d.<\/p>\n<p>Bovendien slijt het met de opvoeding ingegoten Calvinisme steeds wat verder af, dus ach.<\/p>\n<p>Zo zal het ook wel bij die J&amp;H zijn gegaan. Van idealen en eenvoud en de natuur naar niemand maakt mij wat in mijn afsluitbare blokhut met disselslot!..\u201d<\/p>\n<p>Verklaring 2: <strong>Veroudering = <\/strong><strong>achteruitgang = compensatie<\/strong><\/p>\n<p><strong> <\/strong><\/p>\n<p>\u201cJa, zo gaat dat. Eerst is alles nog soepel, h\u00e8. De botten en spieren en de onderrug. Nergens last van op een matje. Comfortabel dus zo\u2019n luchtkussen en leuk dat koken op je hurken. Tijdens een regenbuitje moet je wel laag blijven zitten met je boek of een spelletje, maar je hebt een dak (dekje) boven je hoofd. En bovendien na de regen droogt je hele huisje in no-time weer op! Maar ja: er begint \u2019s wat te kraken en te piepen h\u00e9? En een beurse plek loop je niet alleen veel sneller op, maar hij blijft ook veel langer d\u00f3\u00f3rzeuren. En \u2019s morgens overeind komen \u2013 je wilt \u2019t niet weten! Dus dan denk je eerst maar eens: \u2019t moet wel een tent blijven, want dan krijg je alles nog mee in de auto en kun je gewoon met 130 naar \u2019t zuiden, dus dat schiet lekker op. Maar daarna denk je: nooit meer op de grond hoeven slapen en een kacheltje op koude avonden \u2013 toch niet zo gek. Maar wel h\u00e9\u00e9l licht allemaal want dan kun je op de P\u00e9age nog gemakkelijk rond de 110 km. blijven rijden. Daarna echter begint een vast bed met een toilet toch te lokken, zodat je niet meer over de camping hoeft toch te trekken, want je blijft nu \u2013terug in je bed- toch wel wat langer koud. En, zeg nou zelf: gewoon tussen de vrachtwagens mee dan hoef je ook minder alert te blijven. Je hebt nu toch tijd zat, je hoeft niet meer in drie weken terug te zijn.<\/p>\n<p>Zo zal het ook bij die J&amp;H zijn gegaan. Van achteloos de elementen trotseren langzaamaan naar het anticiperen op en het vermijden van ongemakken!..\u201d<\/p>\n<p>Verklaring 3: <strong>Welvaart maakt Welbevinden maakbaar (en hard nodig)<\/strong><\/p>\n<p><strong> <\/strong><\/p>\n<p>\u201cDat is toch heel logisch. Je gaat, van zeg: net boven het jeugdloon, naar bijvoorbeeld anderhalf keer modaal. En die J&amp;H, als ik zo vrij mag zijn, zelfs nog wel wat verder! Nou, dan heb je \u2018t natuurlijk met je werk \u2013en zeker als er ook nog kinderen zijn met het totaal- wel pittig druk, maar er staat ook het een en ander aan mogelijkheden tegenover. Carri\u00ebrre \u00e9n opgroeiende koters. Vertel mij wat. Dan heb je echt ook wel aandacht n\u00f3dig voor ontspanning. Ontstressen, h\u00e9. Eerst volstaat een boek op zondagmorgen, maar al gauw komen er zeilboten en reisjes aan te pas. En je hebt vaak steeds meer ontspanning nodig, maar daar juist minder tijd voor. Meer verantwoordelijkheden is meer agenda-dwang tenslotte! Dan zoek je \u2019t dus niet verder in langer weg, maar in vaker korter. En meer comfort, h\u00e9. Z\u00f3 het huis uit <em>met <\/em>comfort-per-minuut.<\/p>\n<p>Afzien hoort dan bij werk. Bij tijden ook bij je ouderschap.\u00a0 Veelal wordt er ook steeds meer omgevingsbetrokkenheid van je verwacht. Verwacht je ook van jezelf. Je hoort op een gegeven moment niet voor niks tot de middelbare leeftijd, h\u00e9. Tot degenen die de maatschappij feitelijk dragen. Het \u2018maatschappelijk middenveld\u2019 dat ben jij dan gewoon ook in persoon. Ga er maar aanstaan. Dan heb je je wijntje, een goed bed en je warme douche wel nodig.<\/p>\n<p>Zo zal het ook bij dat stel, J&amp;H, wel gegaan zijn. Eigenlijk zoveel zorg voor jezelf dragen dat je de slijtage van gisteren wegpoetst en die van later al weer onder ogen kunt zien!..\u201d<\/p>\n<p>Verklaring 4: <strong>Riant &amp; <\/strong><strong>Relaxed in een tijdloos kader ..<\/strong><\/p>\n<p><strong> <\/strong><\/p>\n<p>\u201cAfzien van eenvoud? Zich overgeven aan Luxe? En dan nog ineens decadent ook nog? Of gewoon fysiek af aan \u2019t takelen zodat er geen andere mogelijkheden meer zijn? Of wellustig consumentisme? Ik verbruik steeds meer, dus ik b\u00e9n steeds meer?\u00a0 <em>Kom nou toch!<\/em><\/p>\n<p>Je zoekt teveel spijkers. In wellicht ook nog t\u00e9 laag water.<\/p>\n<p>We <em>beheersen<\/em><strong> <\/strong>ons keuzepatroon helemaal niet zo. En zeker niet consequent in relatie tot gebeurtenissen en situaties. \u00a0Een mens <em>gaat <\/em>gewoon veel meer <em>\u201cwith the flow<\/em>\u201d.<\/p>\n<p>Dingetjes als gewaar worden van mogelijkheden. Daar speelt de reclame niet voor niks zo op in. Een spontaan ideetje. Een impuls. Misschien wel uit die reclames. Of gewoon afgekeken van een buurman\/medekampeerder. \u201cVoorschrijdend inzicht\u201d, misschien zowel gekoppeld aan steeds meer gezien hebben, meer ervaring opdoen als aan een levensfase. Waarom niet? Geen kinderen meer mee verandert direct je vakantie idee\u00ebn, toch? Niet alleen wat plek betreft, maar ook hoe, hoe vlug en hoe lang. Dat zal ook zo zijn met het verkrijgen van (veel) meer tijd. Of het verschuiven van belangstelling van bijvoorbeeld voetbal naar meer een goed boek en een glas wijn. Zo zie je in de Wandelpool praktisch alleen 50plussers wandelen en zijn Mountainbikers doorgaans nog geen 40 \u2013 bij beiden uitzonderingen daargelaten. Moet je dus niet teveel achterzoeken. Je leeft voort. En doorleven is ook gewoon steeds opnieuw kiezen.<\/p>\n<p>Zo zal het met dat duo, die J&amp;H, ook wel gegaan zijn. Gewoon doorgeleefd en al doende \u2013zich wellicht steeds iets meer bewust van dat doorleven- tot weer nieuwe keuzen gerakend!\u201d<\/p>\n<p>Vier benaderingen van dezelfde feiten. <strong><em>Wat is nu werkelijkheid voor ons<\/em><\/strong>? Welke trits ingredi\u00ebnten voerden ons naar de keuze die we voor nu gemaakt hebben? Aanleiding voor de vraag van een buurman?<\/p>\n<p>Exact zou ik het niet weten.<\/p>\n<p>Zeker is dat het een mix zal zijn, want niets hierboven \u2013hoe ironisch wellicht soms verwoord- is helemaal ondenkbaar voor me: anders had \u2018k het niet bedacht en dus ook niet kunnen opschrijven.<\/p>\n<p>Een poging tot oprechte beantwoording zou kunnen zijn:<\/p>\n<p>Voor <em>ons<\/em> zo\u2019n <strong>10%<\/strong> <strong>1<\/strong>, <strong>30<\/strong>% <strong>2<\/strong>, <strong>10%<\/strong> <strong>3 <\/strong>en <strong>50%<\/strong> <strong>4 <\/strong><\/p>\n<p>Want Hanneke en ik zijn, volgens eigen waarneming, beide bovengemiddeld van \u2018box 4\u2019.<\/p>\n<p>Maar je mag daar gerust anders over denken.<\/p>\n<p>Ons of, zinniger natuurlijk, jezelf in een andere verhouding bezien.<\/p>\n<p><em>Of<\/em> geheel nieuwe \u2018boxen\u2019 toevoegen.<\/p>\n<p>In dat geval: laat het ons weten!<\/p>\n<p align=\"right\">28-03-2010\u00a0 <strong><em>Joop<\/em><\/strong><\/p>\n","protected":false},"excerpt":{"rendered":"<p>Onlangs kochten wij zomaar een echte, degelijke caravan. Wat? Jullie? Een degelijke caravan? Er waren er meer die zo reageerden. Klaarblijkelijk worden wij niet met \u2018degelijk\u2019 geassocieerd. Niet dat ik daar bezwaar tegen heb, overigens. Een buurman, die zelf enorm gedetailleerd wikt, weegt en weer wikt alvorens tot welke keuze dan ook te komen, vroeg &#8230; <a title=\"Over Kiezen..\" class=\"read-more\" href=\"https:\/\/wordpress.bruins.tech\/?page_id=1109\" aria-label=\"Lees meer over Over Kiezen..\">Lees verder<\/a><\/p>\n","protected":false},"author":3,"featured_media":0,"parent":17,"menu_order":0,"comment_status":"open","ping_status":"open","template":"","meta":{"footnotes":""},"class_list":["post-1109","page","type-page","status-publish"],"_links":{"self":[{"href":"https:\/\/wordpress.bruins.tech\/index.php?rest_route=\/wp\/v2\/pages\/1109","targetHints":{"allow":["GET"]}}],"collection":[{"href":"https:\/\/wordpress.bruins.tech\/index.php?rest_route=\/wp\/v2\/pages"}],"about":[{"href":"https:\/\/wordpress.bruins.tech\/index.php?rest_route=\/wp\/v2\/types\/page"}],"author":[{"embeddable":true,"href":"https:\/\/wordpress.bruins.tech\/index.php?rest_route=\/wp\/v2\/users\/3"}],"replies":[{"embeddable":true,"href":"https:\/\/wordpress.bruins.tech\/index.php?rest_route=%2Fwp%2Fv2%2Fcomments&post=1109"}],"version-history":[{"count":0,"href":"https:\/\/wordpress.bruins.tech\/index.php?rest_route=\/wp\/v2\/pages\/1109\/revisions"}],"up":[{"embeddable":true,"href":"https:\/\/wordpress.bruins.tech\/index.php?rest_route=\/wp\/v2\/pages\/17"}],"wp:attachment":[{"href":"https:\/\/wordpress.bruins.tech\/index.php?rest_route=%2Fwp%2Fv2%2Fmedia&parent=1109"}],"curies":[{"name":"wp","href":"https:\/\/api.w.org\/{rel}","templated":true}]}}