{"id":1263,"date":"2010-10-02T10:55:45","date_gmt":"2010-10-02T09:55:45","guid":{"rendered":"http:\/\/danverkoopjetochgewoonjehuis.nl\/?page_id=1263"},"modified":"2010-10-02T10:55:45","modified_gmt":"2010-10-02T09:55:45","slug":"de-rechtse-kerk","status":"publish","type":"page","link":"https:\/\/wordpress.bruins.tech\/?page_id=1263","title":{"rendered":"De Rechtse Kerk"},"content":{"rendered":"<p>Het is half september 2010, zondagavond laat.<\/p>\n<p>\u201cMet het oog op morgen\u201d, door mij ontvangen via de Wereldomroep, raakt niet uitgepraat over het feit dat onze Zwaargeblondeerde Megalomane Hypochonder, degene behept met een niet geringe mate van Xenofobie, (helaas is Nederlanders nu direct duidelijk over wie we \u2019t hier hebben) zich in New York gematigd zou hebben uitgelaten over de bouw van een gebedshuis daar ten behoeve van gelovigen, in dit geval Islamieten. Een non-issue waar hij bovendien vanuit onze Kikker Country al helemaal niets mee te maken heeft. Gematigd nog ongebreideld dus. Het betreft overigens een gebedsruimte zoals er al zo vele zijn; naast Moskee heten ze ook wel Synagoge, Kerk of Tempel. Hoewel er in religieus verband <em>\u00f3\u00f3k zeker wel eens<\/em> sprake kan zijn van zoiets gunstigs als enige binding tot een gemeenschap \u2013veelal overschat trouwens, meer een overbelicht \u2018side effect\u2019 in de praktijk- is zo\u2019n gebouw mijns inziens feitelijk nogal treurig in zijn aard (zoals hieronder nader zal worden verklaard), maar ieder die dat wenst natuurlijk wel gegund. Men kan volwassenheid in de zin van volledig in eigen verantwoordelijkheid staan, of zelfs het streven daarnaar, nu eenmaal <em>wel adviseren<\/em> maar <em>niet opeisen<\/em>. We zijn nu nabij Innsbr\u00fcck en hier tussen de toppen die naar de hemel reiken lijkt de hele discussie door en rond onze Nationale Wrok Hogepriester <em>nog <\/em>platter\u2026<\/p>\n<p>E\u00e9n en ander kan echter w\u00e9l een goede kapstok zijn om een zeer kwalijk, helaas vrij dominant \u00e9n helaas nogal basaal onderdeel van hoe <em>religie<\/em> werkt [tenminste in de ge\u00efnstitutionaliseerde vorm waarin we haar het meest waarnemen] nog eens onverbloemd te benaderen; kernwoord hierin is: <em>angst-exploitatie. <\/em><\/p>\n<p>De algemeen menselijke angsten voor het onverwachte en zeker ook het onbegrepene worden door religieuze instituties doorgaans vasthoudend nader ingevuld, benoemd <em>en uitvergroot<\/em>\u2026 <em>waarna <\/em>men dan angst-reducerende concepten in de aanbieding zegt te hebben. En zo is de cirkel van haar bestaan als instituut weer rond. Voldoet al eeuwen, zo blijkt. De \u2018Christelijke\u2019 wereld heeft er bijvoorbeeld Jeroen Bosch en de Faust aan te danken, dus het concept voldoet hier ook al eeuwen.\u00a0 Religies \u2013nogmaals: in elk geval die in ge\u00efnstitutionaliseerde, dogmatisch opgebouwde vorm ervan- zijn aldus doende zich een eigen markt te scheppen \u00e9n deze vervolgens duurzaam te exploiteren. \u00a0Zij baseren zich in hoge mate op \u2018TAO\u2019; hier: <em>Therapeutisch Angst Onderhoud.<\/em> Men cree\u00ebrt daarbij niet alleen de aangeboden produkten maar ook nog eens de eigen markt. (<em>Zakelijk gezien:<\/em> een gouden vondst.)<\/p>\n<p><em> <\/em><\/p>\n<p>Z\u00f3 bezien lijkt onze Blonde Snerende Strijder mij <em>nogal vergelijkbaar<\/em> met de meer fundamentalistische Islamiet (en die ook weer met de <em>idem<\/em>-Christen, -Hindoe, -Jood, -tot religie ontspoorde Boeddhist, enzovoorts). Met hen deelt hij de methodiek: op uitvergrote angsten cre\u00eber je fatale beelden, benoemd die zo ongenuanceerd mogelijk om ze zo bovenproportioneel mogelijk uit te harden je roept wat kinderlijke \u2018oplossingen\u2019 (want nuance leidt tot nadenken en nadenken leidt tot doorzien worden, dus dat moeten we niet hebben) en vervolgens omring je je met gelijkgestemden; want eendracht verzacht vrees per direct, naast dat het macht cre\u00ebert, natuurlijk.<\/p>\n<p><em>Gedeelde smart is halve smart <\/em>wisten ook onze voorouders al.<\/p>\n<p>Evenals <em>eendracht maakt macht.<\/em><\/p>\n<p>(Het lijkt mij, qua behoefte tot dom houden, ook niet toevallig dat er in een religieuze setting zo graag over de <em>kudde<\/em> gesproken wordt als men het voetvolk bedoeld)<\/p>\n<p>Hoewel onze Grote Solistische Leider, in navolging van een eerdere, even Mediazuchtige Voorganger, gaarne smadelijk spreekt over \u201cde linkse kerk\u201d bouwt hij krachtdadig aan een eigen Geloofsgemeenschap ter Rechterzijde: hij gebruikt bij nadere beschouwing alle beproefde ingredi\u00ebnten van het fenomeen <em>Religieus Instituut<\/em>. Voeg daar zijn eigen \u2018Ben Ik Eigenlijk Wel Voldoende Met Mijn Boodschap In Beeld\u2019-behoefte aan toe, en het begrip <em>Goeroe<\/em> doemt op. In de slechtste vorm dan, want de hier bedoelde soort Voorganger spoort mensen <em>niet <\/em>aan tot persoonlijke rijping -hen aansprekend op en stimulerend in hun zelfgroeiend vermogen- maar <em>knecht <\/em>hen juist. Wenst kortom geen gelijken, maar volgelingen. (Ongeveer de Christus die de Pausen verkondigen dus, <em>niet<\/em> de eventuele Oorspronkelijke.)<\/p>\n<p>Een soort Christus dus deze Gretige Geloofsverbreider?<\/p>\n<p><em>Doen<\/em>: Neem wat beelden van deze \u2018Verlosser 2010\u2019 op uw video of schijf op en draai die met <em>maar ook z\u00f3nder <\/em>geluid af. Op een enkele al vooraf gestoorde landgenoot na zal het iedereen dan binnen 5 minuten volstrekt duidelijk zijn: <em>deze<\/em> Verlosser helpt je slechts <em>achteruit<\/em>: de put in. Een weg via gestandaardiseerde miskenning en van daaruit argwanend verder mokken is zijn \u2018oplossing\u2019. Veel Calimero-effect ook, want uitgaan van enige eigen kracht bij <em>de kudd<\/em>e \u2013die natuurlijk ook niets te zeggen hebben, zoals bij de verkiezingsuitslagen beklemmend bleek- \u00a0is er niet bij. Om over een totaal gebrek aan levensvreugde en krachtige toekomstverwachtingen rondom de mensheid als geheel maar in het geheel niet te spreken. Bij hem gaat het naar mijn waarneming slechts over de \u2018wij\u2019 vanuit kelders, achterstraatjes en verdere schaduwrijke plaatsen en niet over die \u2019wij\u2019 die in het volle daglicht de straten en pleinen vullen en dit al eeuwen met verve doen. Zeker niet foutloos, toegegeven, maar ook met zoveel succes dat wij daarvan riant te leven hebben. Er is in die hoek dan ook sprake van de, op schrik en vooroordeel gebaseerde, Paflov-reacties als \u2018de eerste klap is een daalder waard\u2019 en \u2018<em>de beste verdediging is de aanval\u2019<\/em> en <em>niet<\/em> op de open, vrijmoedig overtuigende positie dat wat we al in huis hebben gewoon het beste zou kunnen zijn tot nu toe: vertel elkaar vooral wat nog beter kan \u2013 maar <em>met<\/em> <em>minder<\/em> zullen <em>wij hier <\/em>toch geen genoegen meer kunnen nemen, dank u. Vanuit <em>die<\/em> gerechtvaardigde vrijmoedige overtuiging dat er al het \u00e9\u00e9n en ander <em>is<\/em> dat als goed fundament mag gelden en <em>dat bovendien door een forse meerderheid wordt gedragen<\/em> is de \u00e9nige routing die tot <em>nog meer kwaliteit <\/em>\u00e9n <em>tot nog meer basale sterkte <\/em>van \u2018ons stelsel van waarden\u2019 kan leiden die van: \u201c<strong>hoe<\/strong> <strong><em>trekken we samen (nog) verder?<\/em><\/strong>\u201d (Ik denk niet dat zulk een houding een \u2018linkse kerk\u2019 mag heten: er wordt immers verbondenheid en niet <em>gebondenheid <\/em>aangeboden.)<\/p>\n<p>Iemand die \u201csamen\u201d uitkleed is een destructief element.<\/p>\n<p>Slechts wie \u201csamen\u201d propageert en maximaal tracht in te vullen verdient aller steun.<\/p>\n<p>Exit Valse Verlosser dus graag<\/p>\n<p>Afvoeren via de zijdeur en een enkeltje vergetelheid zou ik zeggen.<\/p>\n<p>En de misleide volgelingen?<\/p>\n<p>Tja.<\/p>\n<p>De <em>altijd al mokkende minkukels<\/em> onder hen vinden na \u2018Hadjememaar\u2019, Janmaat, Boer Koekoek, onderhavige Snerende Snaak en vele anderen, wel weer een volgend \u2013tijdelijk- onderkomen. Evenals de <em>standaard \u2018frisse wind\u2019 zoekers <\/em>met iets te veel eigenbelang als leidraad. Onze zorg zou meer uit moeten gaan naar de <em>\u00e9chte gel\u00f3vige<\/em>; de vraag dus hoe we die mens zover krijgen wat minder angst-gerelateerd in het leven te staan (dat immers door vele anderen heel terecht als <em>riant<\/em> wordt gekenschetst).<\/p>\n<p>En <em>dat laatste<\/em> geldt voor mij dan ook meteen voor <em>alle <\/em>[dogmatisch-]<em> <\/em>gelovigen. Zoals gezegd: dat lijkt me \u00e9\u00e9n pot nat. Individuele moed daar stimuleren dus. En zo ieder tot gelding brengen. Als \u00e9\u00e9n van <em>ons, <\/em>alle denkbare \u2018richtingen\u2019 inbegrepen. En dat binnen de boksring van gezamenlijk in voorgaande eeuwen al doorstoeide waarden die we \u2018zo zijn wij hier\u2019 mogen noemen. Z\u00f3 behandeld droogt \u00e9lke <em>pot nat <\/em>uiteindelijk wel uit.<\/p>\n<p>Dat opdrogen kost natuurlijk wel veel tijd,\u00a0 ook achter de oren.<\/p>\n","protected":false},"excerpt":{"rendered":"<p>Het is half september 2010, zondagavond laat. \u201cMet het oog op morgen\u201d, door mij ontvangen via de Wereldomroep, raakt niet uitgepraat over het feit dat onze Zwaargeblondeerde Megalomane Hypochonder, degene behept met een niet geringe mate van Xenofobie, (helaas is Nederlanders nu direct duidelijk over wie we \u2019t hier hebben) zich in New York gematigd &#8230; <a title=\"De Rechtse Kerk\" class=\"read-more\" href=\"https:\/\/wordpress.bruins.tech\/?page_id=1263\" aria-label=\"Lees meer over De Rechtse Kerk\">Lees verder<\/a><\/p>\n","protected":false},"author":3,"featured_media":0,"parent":17,"menu_order":0,"comment_status":"open","ping_status":"open","template":"","meta":{"footnotes":""},"class_list":["post-1263","page","type-page","status-publish"],"_links":{"self":[{"href":"https:\/\/wordpress.bruins.tech\/index.php?rest_route=\/wp\/v2\/pages\/1263","targetHints":{"allow":["GET"]}}],"collection":[{"href":"https:\/\/wordpress.bruins.tech\/index.php?rest_route=\/wp\/v2\/pages"}],"about":[{"href":"https:\/\/wordpress.bruins.tech\/index.php?rest_route=\/wp\/v2\/types\/page"}],"author":[{"embeddable":true,"href":"https:\/\/wordpress.bruins.tech\/index.php?rest_route=\/wp\/v2\/users\/3"}],"replies":[{"embeddable":true,"href":"https:\/\/wordpress.bruins.tech\/index.php?rest_route=%2Fwp%2Fv2%2Fcomments&post=1263"}],"version-history":[{"count":0,"href":"https:\/\/wordpress.bruins.tech\/index.php?rest_route=\/wp\/v2\/pages\/1263\/revisions"}],"up":[{"embeddable":true,"href":"https:\/\/wordpress.bruins.tech\/index.php?rest_route=\/wp\/v2\/pages\/17"}],"wp:attachment":[{"href":"https:\/\/wordpress.bruins.tech\/index.php?rest_route=%2Fwp%2Fv2%2Fmedia&parent=1263"}],"curies":[{"name":"wp","href":"https:\/\/api.w.org\/{rel}","templated":true}]}}