{"id":131,"date":"2007-06-10T16:49:03","date_gmt":"2007-06-10T14:49:03","guid":{"rendered":"http:\/\/danverkoopjetochgewoonjehuis.nl\/?page_id=131"},"modified":"2007-06-10T16:49:03","modified_gmt":"2007-06-10T14:49:03","slug":"leven-bewegen","status":"publish","type":"page","link":"https:\/\/wordpress.bruins.tech\/?page_id=131","title":{"rendered":"Leven = Bewegen"},"content":{"rendered":"<p>\u201c..want waarschijnlijk lezen niet alle dorpsgenoten jullie verhalen <em>(via \u2019t internet)<\/em>, zijn enkele nog wat onwennig van het jarenlange \u2018Geandewei\u2019 op blz.1 en 2 van de Marl\u00fbd. \u2026leuk om in de dorpskrant iets over te lezen, vooral in deze tijd waarin velen vakantieplannen gaan maken\u2026\u201d<\/p>\n<p>E\u00e9n van de redactieleden van uw onvolprezen en taai volhoudende dorpskrant, die klaarblijkelijk ook digitaal op pad gaat, stuurde ons bovenstaand tekstje. En wie ben je dan als oud-dorpsgenoot \u00e9n berucht leuteraar om niet spoorslags aan het gevraagde te voldoen?<\/p>\n<p>Hierbij dus een poging tot bijpraten, een tekstje zoals u vanouds meer van ondergetekende gewend was. Vulling genoeg voor twee pagina\u2019s of die nu 1 en 2, dan wel \u2018verderop\u2019 en \u2018volgend\u2019 heten\u2026\u00a0 (Met hartelijke groeten, mede namens Hanneke, <em>Joop Bruins<\/em> )<\/p>\n<\/p>\n<p><strong>Vrijheid is Rijkdom<\/strong><strong> <\/strong><\/p>\n<p>Terugkijkend op ons eerste halfjaar \u2018drijven over de horizon\u2019 dekt deze titel de kern van mijn bevindingen. Ik merk dat je vrijheid \u00f3\u00f3k als individu verwerft via \u2018bevrijding\u2019. In aanvang ging het er om bevrijd te raken van een agenda die het leven meer inrichtte dan we zelf nog deden. Dat heb je als je je werk ook nog graag en gedreven doet. We deden daarom ons <em>werk<\/em> maar eerst de deur uit (beiden op 55 jarige leeftijd). Vervolgens wilden we vrijkomen van te veel <em>gewoonten;<\/em> vooral die welke\u00a0z\u00f3 vanzelfsprekend zijn geworden in de loop der jaren dat je ze niet meer herkent als de <em>keuzen <\/em>die ze eens waren&#8230; We deden dat uiteindelijk door ons huis, onze boot, auto\u2019s e.d. te verkopen en de (over)waarden te benutten voor een leuk, drijvend huisje (een prachtvlet van 10.50 mtr.) plus enige duitenreserve om te overleven tot AOW\/ pensioen; vervolgens voeren we gewoon uit ons eerdere leven en dus ook bij jullie\u00a0w\u00e9g &#8211;\u00a0met slechts elkaar en 35m<sup>2 <\/sup> bij ons (en de oneindigheid v\u00f3\u00f3r ons). <\/p>\n<p>Wij\u00a0denken namelijk dat \u00e9chte vernieuwing in je leven, het her\u00edjken ervan dus, het best werkt als er eerst sprake is van forse <em>keuzen<\/em> \u2013 na een \u201cschone breuk\u201d met het verleden liggen nieuwe kansen vast ineens\u00a0binnen handbereik\u2026 Onze levenservaring laat eigenlijk geen andere conclusie toe; w\u00e9rkelijke verandering\u00a0 gaat steeds volgens dit aloude patroon: crisis \u2013 breuk \u2013 nieuwe koers. Voor <em>crisis<\/em> kunt u ook invullen \u2018onvrede\u2019 \u2018opgestapelde onvervulde wensen\u2019 en dergelijke, terwijl voor <em>breuk<\/em> ook<em> <\/em>\u2018loslaten\u2019, of \u2018nu niet meer of geheel \u00e1nders doen\u2019 kan worden gezegd. Ik maak mij sterk dat dit ook u niet onbekend zal voorkomen. Te vaak worden dit soort veranderingen in mijn ogen echter <em>negatief<\/em> benoemd en zelfs zeer gevreesd. \u00d3ns bezield juist het omgekeerde: waarom wachten tot onvrede of onvervulde wensen zich ophopen en je je <em>gedwongen voelt <\/em>tot verandering, met alle kramp van dien? Temeer daar doorgaans blijkt dat de situatie daarn\u00e1 prettiger is dan daarvoor\u2026\u00a0 Kortom, ondanks dat er \u00f3\u00f3k verliezen worden genomen: <em>herijking is doorgaans verrijking!<\/em><strong><em> <\/em><\/strong><\/p>\n<p><strong><em>Of: <\/em><\/strong><strong><em>Leven is<\/em> <em>bewegen<\/em><\/strong><em>.<\/em> <\/p>\n<p>Waarom dus niet de aanpassing regelmatig pro-actief <em>opgezocht <\/em>? Je leven steeds weer v\u00e9rs inrichten naar de nieuwe stand van zaken en behoeften in plaats van doorgaan met wat <em>destijds <\/em>passend was is immers niet meer dan gewoon verstandig. Wij beoefenden dit natuurlijk ook al wel eens eerder aktief (nieuwe woonplaats, nieuwe werkkring e.d.), maar dit keer pakten we het dus even rigoureuzer aan. Ook omdat we denken dat een beetje \u2018shock-effect\u2019 geweldig kan helpen om de eigen prioriteiten weer helder te zien; je w\u00e9\u00e9t immers lang niet alle loze verpakkingen in eigen bestaan! Ook in programma\u2019s als \u201cik vertrek\u201d kom je nogal eens de verfrissende werking van zo\u2019n \u201cshock\u201d tegen. Wat daarbij erg opvalt is ook: <em>bijna nooit<\/em> krijgt iemand spijt, z\u00e9lfs niet als de zaken geheel anders uitpakken dan vooraf gehoopt werd. Er wordt kennelijk zowiezo m\u00e9\u00e9r aan overgehouden dan het \u2018kost\u2019. <strong><em> <\/em><\/strong><strong><em><br \/>\n<\/em><\/strong><strong><em>Dit is ook ronduit\u00a0onze ervaring<\/em><\/strong><em>. <\/em>Met name het zo onbekommerd mogelijk <em>loslaten van het vertrouwde<\/em> herschikt je verlangens <em>automatisch <\/em>in een persoonlijke volgorde van belangrijkheid en draagt daarmee als terloops z\u00e9\u00e9r bij aan zelfkennis en achterliggend zelfvertrouwen. Twee voorbeelden uit onze ervaring tot nu toe wil ik als voorbeelden met u delen:Waar we dachten financieel nogal veel te verliezen en dus wel heel \u00e9rg voorzichtig te moeten leven, blijkt de overgang van \u2018gewoonten\u2019 naar \u2018keuzen\u2019 \u00f3\u00f3k een overgang te zijn van <em>\u2018vaste lasten\u2019 naar \u2018leuk\u2019<\/em>. Resultaat: er komt weliswaar tweederde minder \u2018binnen\u2019 maar er gaat ook aanmerkelijk minder uit.. T\u00f3ch leven we heel letterlijk als God in Frankrijk; we terrassen bijv. heel wat af en leggen ons weinig beperkingen op. Maar we zijn nog nooit zo rijk geweest! (Rijkdom is natuurlijk vooral een <em>beleving <\/em>is en heeft dus maar zeer beperkt te maken met wat er ergens op een bank staat)En waar we dachten helaas veel relaties te verliezen en mogelijk heel \u00e9rg all\u00e9\u00e9n te raken, blijkt ook heel wat compensatie op te treden: zoals een bepaald helderder beeld op <em>wie <\/em>belangrijk zijn <em>en waarom<\/em>. Het verlangen naar contacten in volgorde daarmee \u00e9n de behoefte daar ook actief onderhoud op te plegen ontstaat vervolgens vanzelf. Zo zijn we inmiddels per TGV een paar weken teruggeweest om de nodige mensen tussentijds weer eens in de ogen te zien. Duidelijker wordt ook: wat je van elkaar verwacht; wat van je kinderen, wat van familie, vrienden &amp; kennissen en zelfs: <em>wat<\/em> vooral bij <em>wie<\/em>. Hoe wederzijds is elke band eigenlijk? En tenslotte: wat zou je er graag nog bij willen \u2013 dan ga je daar actief naar op zoek&#8230; Ook hierbij te onzent: welvaren en vertrouwen. \u201cHet roer eens \u00e9cht omgooien\u201d kan ik u dus \u00e1\u00e1nraden. Niet uit ontevredenheid met het huidige, maar om het effect naar verwachting en hernieuwd vertrouwen in (elke) toekomst. Het geeft je kortom gewoon \u2018de geest\u2019.\n<\/p>\n<\/p>\n<p>Aigues Mortes, 12 april 2007 <\/p>\n<p>&#8212;&#8212;&#8212;&#8212;&#8212;&#8212;&#8212;&#8212;&#8212;&#8212;&#8212;&#8212;&#8212;&#8212;&#8212;&#8212;&#8212;&#8212;&#8212;<\/p>\n<p>Voor degenen die het allemaal niet zo gevolgd (kunnen) hebben nog even kort de feiten: <\/p>\n<p>*werk opgezegd (beiden: 55 jaar), huis en auto\u2019s verkocht <\/p>\n<p>*gewenste boot gekocht (6 jaar oud, 10.50 meter lang, met: verwarming, gas, licht, water, salon, voorzit, keuken met (gril-)oven dubbele spoelbak enz., slaapkamer met inbouw wasmachine, douche; kortom een klein kompleet huishouden <\/p>\n<p>*meubels e.d. opgeslagen voor \u2018ooit nog eens\u2019 en per september 2006 via Maas, kanalen en Rh\u00f4ne naar het Middellandse Zee gebied gevaren <\/p>\n<p>*daar overwinterd en nu van plan \u2018met de zomer mee\u2019 weer zachtjes naar het Noorden te koersen en bijv. via Moezel en Rijn weer \u2018te Lande\u2019 te geraken. *hebben inmiddels het oog laten vallen op een aardig piepklein boswoninkje in het midden des Lands. <\/p>\n<p>Het vervolg wordt dus vermoedelijk: na terugkeer (augustus \u201907?) zullen we <em>soms<\/em> wonen in het bos met nieuwe buren en dorpsgenoten; <em>soms<\/em> ook wonen in de boot: onze \u2018tweede woning\u2019 in een gebied waar stilte en duister nog heersen en tevens geschikt natuurlijk voor zwerftochten langs wad en eilanden, Denemarken, enz. Daarn\u00e1\u00e1st is er dan nog sprake van de mogelijkheid met ons piepkleine sleurbakje de zomer \u2018op te rekken\u2019 in Itali\u00eb, Griekenland of Portugal. Voorwaar een rijkdom aan keuzen en vooruitzichten zou ik zeggen! <\/p>\n","protected":false},"excerpt":{"rendered":"<p>\u201c..want waarschijnlijk lezen niet alle dorpsgenoten jullie verhalen (via \u2019t internet), zijn enkele nog wat onwennig van het jarenlange \u2018Geandewei\u2019 op blz.1 en 2 van de Marl\u00fbd. \u2026leuk om in de dorpskrant iets over te lezen, vooral in deze tijd waarin velen vakantieplannen gaan maken\u2026\u201d E\u00e9n van de redactieleden van uw onvolprezen en taai volhoudende &#8230; <a title=\"Leven = Bewegen\" class=\"read-more\" href=\"https:\/\/wordpress.bruins.tech\/?page_id=131\" aria-label=\"Lees meer over Leven = Bewegen\">Lees verder<\/a><\/p>\n","protected":false},"author":3,"featured_media":0,"parent":17,"menu_order":0,"comment_status":"open","ping_status":"open","template":"","meta":{"footnotes":""},"class_list":["post-131","page","type-page","status-publish"],"_links":{"self":[{"href":"https:\/\/wordpress.bruins.tech\/index.php?rest_route=\/wp\/v2\/pages\/131","targetHints":{"allow":["GET"]}}],"collection":[{"href":"https:\/\/wordpress.bruins.tech\/index.php?rest_route=\/wp\/v2\/pages"}],"about":[{"href":"https:\/\/wordpress.bruins.tech\/index.php?rest_route=\/wp\/v2\/types\/page"}],"author":[{"embeddable":true,"href":"https:\/\/wordpress.bruins.tech\/index.php?rest_route=\/wp\/v2\/users\/3"}],"replies":[{"embeddable":true,"href":"https:\/\/wordpress.bruins.tech\/index.php?rest_route=%2Fwp%2Fv2%2Fcomments&post=131"}],"version-history":[{"count":0,"href":"https:\/\/wordpress.bruins.tech\/index.php?rest_route=\/wp\/v2\/pages\/131\/revisions"}],"up":[{"embeddable":true,"href":"https:\/\/wordpress.bruins.tech\/index.php?rest_route=\/wp\/v2\/pages\/17"}],"wp:attachment":[{"href":"https:\/\/wordpress.bruins.tech\/index.php?rest_route=%2Fwp%2Fv2%2Fmedia&parent=131"}],"curies":[{"name":"wp","href":"https:\/\/api.w.org\/{rel}","templated":true}]}}