{"id":1417,"date":"2011-04-13T15:04:33","date_gmt":"2011-04-13T14:04:33","guid":{"rendered":"http:\/\/danverkoopjetochgewoonjehuis.nl\/?page_id=1417"},"modified":"2011-04-13T15:04:33","modified_gmt":"2011-04-13T14:04:33","slug":"moment","status":"publish","type":"page","link":"https:\/\/wordpress.bruins.tech\/?page_id=1417","title":{"rendered":"Moment"},"content":{"rendered":"<p><strong>Moment<\/strong><strong> <\/strong><\/p>\n<p><strong> <\/strong><\/p>\n<p><strong> <\/strong><\/p>\n<p>het is nog vroeg in het seizoen<\/p>\n<p>maar het prille voorjaar kwettert al wel uit de bomen<\/p>\n<p>als ik op 8 april e-lees in de zon<\/p>\n<p>2600 boeken losjes in \u00e9\u00e9n hand<\/p>\n<p>\u00e9\u00e9n verteller aan het woord<\/p>\n<p>nog eens honderden gedachten<\/p>\n<p>en hun uitwerking in het zicht<\/p>\n<p>. . .<\/p>\n<p><em>en<\/em><\/p>\n<p>onze eekhoorn<\/p>\n<p>op twee meter naast me<\/p>\n<p>die zeven stukjes volkoren wegknabbelt<\/p>\n<p>al het gewenste aanwezig<\/p>\n<p>alles in de hand<\/p>\n<p>hij en ik<\/p>\n<p>volkomen tevreden<\/p>\n<p>met het moment . . .<\/p>\n","protected":false},"excerpt":{"rendered":"<p>Moment het is nog vroeg in het seizoen maar het prille voorjaar kwettert al wel uit de bomen als ik op 8 april e-lees in de zon 2600 boeken losjes in \u00e9\u00e9n hand \u00e9\u00e9n verteller aan het woord nog eens honderden gedachten en hun uitwerking in het zicht . . . en onze eekhoorn op &#8230; <a title=\"Moment\" class=\"read-more\" href=\"https:\/\/wordpress.bruins.tech\/?page_id=1417\" aria-label=\"Lees meer over Moment\">Lees verder<\/a><\/p>\n","protected":false},"author":3,"featured_media":0,"parent":587,"menu_order":0,"comment_status":"open","ping_status":"open","template":"","meta":{"footnotes":""},"class_list":["post-1417","page","type-page","status-publish"],"_links":{"self":[{"href":"https:\/\/wordpress.bruins.tech\/index.php?rest_route=\/wp\/v2\/pages\/1417","targetHints":{"allow":["GET"]}}],"collection":[{"href":"https:\/\/wordpress.bruins.tech\/index.php?rest_route=\/wp\/v2\/pages"}],"about":[{"href":"https:\/\/wordpress.bruins.tech\/index.php?rest_route=\/wp\/v2\/types\/page"}],"author":[{"embeddable":true,"href":"https:\/\/wordpress.bruins.tech\/index.php?rest_route=\/wp\/v2\/users\/3"}],"replies":[{"embeddable":true,"href":"https:\/\/wordpress.bruins.tech\/index.php?rest_route=%2Fwp%2Fv2%2Fcomments&post=1417"}],"version-history":[{"count":0,"href":"https:\/\/wordpress.bruins.tech\/index.php?rest_route=\/wp\/v2\/pages\/1417\/revisions"}],"up":[{"embeddable":true,"href":"https:\/\/wordpress.bruins.tech\/index.php?rest_route=\/wp\/v2\/pages\/587"}],"wp:attachment":[{"href":"https:\/\/wordpress.bruins.tech\/index.php?rest_route=%2Fwp%2Fv2%2Fmedia&parent=1417"}],"curies":[{"name":"wp","href":"https:\/\/api.w.org\/{rel}","templated":true}]}}