{"id":1517,"date":"2011-08-27T16:27:21","date_gmt":"2011-08-27T15:27:21","guid":{"rendered":"http:\/\/danverkoopjetochgewoonjehuis.nl\/?page_id=1517"},"modified":"2011-08-27T16:27:21","modified_gmt":"2011-08-27T15:27:21","slug":"hiking-the-hardanger","status":"publish","type":"page","link":"https:\/\/wordpress.bruins.tech\/?page_id=1517","title":{"rendered":"Hiking the Hardanger"},"content":{"rendered":"<p><em>(<\/em> <em>Noot:\u00a0 foto\u2019s aanklikken = vergroten \u2026)<\/em><\/p>\n<p>Op dinsdag 9 augustus vertrekken we om 8.06 uur van station Lunteren (waar de auto best 9 dagen kan blijven staan\u2026). We hebben hiervandaan een prima verbinding met Schiphol: alleen overstappen in Ede-Wageningen en d\u00e1n uitstappen op de luchthaven. De vliegtickets zitten in onze \u2018handleiding\u2019: de <a href=\"http:\/\/danverkoopjetochgewoonjehuis.nl\/wp-content\/gallery\/files\/hardangervidda.pdf\">boekvormige tochtbeschrijving<\/a> die we <a href=\"https:\/\/wordpress.bruins.tech\/?p=1498\">eerder deze maand<\/a> kado kregen. Alles verloopt voorspoedig en zo staan we rond 13.00 uur op Noorse grond en kuieren -na een korte busreis- rond 14.30 uur al het door onze zonen vooraf gereserveerde hotel binnen. Eerst zetten we onze gemakkelijk draagbare bagage (alles in een rugzak; respectievelijk rond de 6 en de 8 kilo) in de hotelkamer en daarna besnuffelen we Oslo natuurlijk. Daarbij komen we nog heel wat blijken tegen van de ontreddering in reactie op de aanslag van de blonde rechts-radicale idioot een week of wat geleden. [Het voedt onze zorgelijke gedachten over de Nederlandse trends in dezelfde richting; haat is ernstig destructief]\u00a0 <a href=\"http:\/\/danverkoopjetochgewoonjehuis.nl\/wp-content\/gallery\/fotoboek\/reis425.jpg\" data-rel=\"lightbox\"><img decoding=\"async\" src=\"http:\/\/danverkoopjetochgewoonjehuis.nl\/wp-content\/gallery\/fotoboek\/reis425.jpg\"><\/a>Een heel kerkplein is met bloemen, linten, briefjes, kaarsen en knuffels bedekt.\u00a0 Op het volgende moment klinken er opnieuw harde slagen, maar gelukkig van veel natuurlijker aard: een hevig onweer barst los en zet de straten in een oogwenk blank. Na nog even te hebben gekeken hoe we \u2019t busstation de volgende ochtend vlot kunnen betippelen duiken we met wat hap- en drankwerk onze comfortabele hotelkamer weer in.<br>\nDe volgende dag (10 augustus; onze jongste werd vandaag 34 \u2013 dus daar gaat eerst een SMSje heen) zitten we achtereenvolgens 4 uur in een bus (dat buskaartje zat al in de \u2018handleiding\u2019 die we van onze knaapjes kregen), kunnen dan een half uurtje \u2018luchten\u2019 en zitten vervolgens nog een uur in een bus. Daarmee staan we op een kale parkeerplek aan de oever van een groot stuwmeer dat op 900 meter hoogte ligt. Hoewel er geen steiger te bekennen is moet over 3,5 uur hier de boot aankomen die ons vlakbij de eerste hut op de Hardanger Vidda moet brengen. Het is er winderig en leeg en het lijkt in \u2019the middle of nowhere\u2019 , maar we weten dat 50 meter hoger een vissershotel moet liggen en klimmen daar dus heen. Men blijkt er wel gewend aan \u2018wachtenden\u2019 en zo kijken we zo\u2019n 3 uur lang heel comfortabel gezeten over het meer uit, koffiedrinkend of bijtend in een broodje garnaal. De boot blijkt een snel varende catamaran die ons na 2 uur te water al rond 19.30 uur zo\u2019n\u00a0 30 km. verder afzet, waarna we in een half uurtje naar \u2018Mogen\u2019, zoals de eerste Vidda-hut heet, lopen. Mogen is een \u2018bemande\u2019 hut, eigenlijk een eenvoudig hotel dus. Er wordt warm eten opgediend en we hebben er een -wederom per mail al door de boys gereserveerde- kamer. Wel met stapelbedden en dat blijft de hele reis het geval. (Zeker ter gelegenheid van een 40-jarig huwelijk een wel een wat platonische insteek \u2026)\u00a0 De volgende ochtend, donderdag 11 aug., staan we om 7.30 uur naast onze \u2018britsen\u2019. Houten bedden natuurlijk, alles hierboven is van hout. Met goede matrassen en prima dekbedden en kussens, dat wel, je hoeft zelf alleen maar de -verplichte- lakenzak mee te nemen. Even voor negenen zijn we onderweg en klimmen eerst via een \u2019trage\u2019 helling door een woud van knoestige en mossige lage berken en over vele waterloopjes zo\u2019n 300 meter omhoog. Dan strekt ze zich voor ons uit: de Hardanger Vidda. <a href=\"http:\/\/danverkoopjetochgewoonjehuis.nl\/wp-content\/gallery\/fotoboek\/reis426.jpg\" data-rel=\"lightbox\"><img decoding=\"async\" src=\"http:\/\/danverkoopjetochgewoonjehuis.nl\/wp-content\/gallery\/fotoboek\/reis426.jpg\"><\/a><strong>Noot: <em>klik op een foto om \u2018m goed te bekijken!<\/em> <\/strong><em>(en zoek Hanneke \u2026)<\/em><strong><\/strong>Een op het oog eindeloze, boomloze, stenige en waterrijke hoogvlakte. Was het in Oslo nog zo\u2019n graad of 18, hier op de -hooggelegen- Vidda is dit hooguit 12 graden. Toch voelt het -met een wazig zonnetje dat hier nu van \u2019s morgens 4.30 uur tot \u2019s avonds 22.10 uur(!) schijnt- niet echt koud. We hebben twee laagjes t-shirt aan en een zomer(regen)jasje en zweten nog heel behoorlijk bij \u2019t voortgaan. Ook door de rugzakken natuurlijk, want we zijn ervaren lopers, maar niet met zo\u2019n gewicht op de rug. Toen kwamen de muggen opzetten! Zodra het windstil wordt zijn er daar veel van, waarschuwde men ons al tevoren, dus onze Deet deed direct goede diensten.\u00a0 De vele stenen en het zoeken naar oversteekbare plaatsen bij waterloopjes blijken behalve extra aandacht en energie ook flink extra looptijd te vergen: wij doen over deze tocht ruim 7 uur, terwijl er qua afstand 5 \u00e1 6 uur voor staat. Rond 16.00 uur echter komen we bij de hut \u2018L\u00e5garos\u2019 aan. In principe zou dit een onbemande hut zijn, maar er is toch een \u2018beheerder\u2019 aanwezig. Hij legt uit dat dit vaak in de piek van het loopseizoen (tussen begin juli en de derde week van augustus) zo is en maakt ons wegwijs: waar het (stook)hout ligt, waar de WC-hut is, waar je schoon water haalt en waar je vuil water kunt storten. <a href=\"http:\/\/danverkoopjetochgewoonjehuis.nl\/wp-content\/gallery\/fotoboek\/reis427.jpg\" data-rel=\"lightbox\"><img decoding=\"async\" src=\"http:\/\/danverkoopjetochgewoonjehuis.nl\/wp-content\/gallery\/fotoboek\/reis427.jpg\"><\/a>In\/bij dit soort hutten ligt voor een heel jaar (!) proviand (in blik- en als droogvoer), stookhout en gasflessen (voor keukengebruik) opgeslagen, dat wordt \u2019s winters met sneeuwscooters gebracht. Elektra is er niet, maar kaarsen zijn er te over \u2013 en het wordt pas na 10.30 uur donker. Alles werkt op basis van zelfwerkzaamheid en eerlijkheid. Zo liggen er bijvoorbeeld gebruikslijsten: je vult in wat je hebt gepakt, zet de aangegeven prijs erachter, telt de zaak op, vult je creditcard nummer in, zet je handtekening eronder en schuift het formulier dan door een gleuf in een kluisje. Je gaat je eigen gang dus. (Ook bij zaken als: schoon achterlaten, kachels bijhouden, dekbedden opschudden, enz. Als je weggaat dient de hut er uit te zien zoals je \u2018m aantrof). Een prima systeem: er zijn meer dan 30 onbemande hutten, waardoor iedereen rond kan zwerven over de Hardanger op eigen keuze. Wij waren meestal met een stel of drie, kookten en stookten om de beurt en converseerden soms wat. (Vaak redelijk moeizaam, want er zijn bijna uitsluitend Noorse lopers en lang niet iedereen spreekt Engels o.i.d.)\u00a0 \u2019s Morgens veeg je de boel een keer, sopt de keukenbakken en gastoestellen na, vult alvast een paar emmer water voor de volgende gebruikers, dweilt eventueel nog even \u2013 en je gaat weer op pad .<br>\nOp vrijdag 12 augustus vertrokken we vroeg omdat het een wat langere route zou zijn. (Voor deze 21 km. stond een looptijd van ruim 6 uur vermeld) Nou: dat was beslist re\u00ebel. Wij deden er ruim 9 uur over (!). Dat bleek overigens achteraf vooral te wijten aan de extra natte juli maand hier: de zompige water-oversteken in het pad (er liggen daar vaak stenen in om overheen te gaan) waren nu te diep om te kunnen gebruiken. En er was soms sprake van moerassige velden van vele honderden vierkante meters die ook niet meer te doorwaden bleken. In beide gevallen betekent dat zijdelings op zoek gaan naar alsnog beloopbare plekken. Wij kwamen zodoende pas even na 18.00 aan in \u2018Sandhaug\u2019, een heel bekende en bemenste -dus hotelachtige- \u2018hut\u2019.\u00a0 Sandhaug ligt min of meer op \u2019t midden van de Hardanger, op een kruispunt van wel vijf richtingen. Daar bleek het goed toeven: er waren zo\u2019n 15 mensen en we konden rond 19.00 zo aan tafel voor een menu met verse -net gevangen- zalmachtige vis. En er was elektra, dus we konden alles nog even bijladen(fototoestel, e-books en gsm -voor foto\u2019s of muziek dan wel, want bereik is hier niet) <a href=\"http:\/\/danverkoopjetochgewoonjehuis.nl\/wp-content\/gallery\/fotoboek\/reis428.jpg\" data-rel=\"lightbox\"><img decoding=\"async\" src=\"http:\/\/danverkoopjetochgewoonjehuis.nl\/wp-content\/gallery\/fotoboek\/reis428.jpg\"><\/a>We waren b\u00e9k-af en vroegen ons ook af of we deze wandelreis niet onderschat hadden, want er kwamen nog enkele minstens even lange tochten.\u00a0 Onze e-books bleken voor rugzakkers een enorme aanwinst: we hadden gewoon heel veel boeken in 0nze rugtas \u2013 die met elkaar nauwelijks 200 gram wogen.<br>\nDe volgende dag bleek dat we ons te zeer zorgen hadden gemaakt over de zwaarte van het lopen: de tocht op deze dag was nog een kilometertje langer, maar hij verliep uiterst soepel. Een goed herkenbaar, merendeels zanderig pad met weinig hellingen en heel begaanbare water oversteken. Behalve van het weer hangt alles gewoon af van de ondergrond: de Vidda blijkt aan de oostzijde (de \u2018Oslo\u2019kant) een vrij vlakke hoogvlakte te zijn. Helemaal vol meren (op \u00e9\u00e9n dag zie je meer dan 10 meren van behoorlijk omvang) met vele verbindende waterlopen en soms moerassige velden en dan weer zeer stenige vlakten. Het is er weids en enorm: rondom 20 km. zicht en geen leven te bekennen, op \u2019t eerste oog. Fauna ontbreekt dan ook praktisch: op \u00e9\u00e9n hele wandeldag van 7 uur zie je bijvoorbeeld: zes vogels, tien insekten en drie lemmingen. En wellicht halverwege de dag nog zegge en schrijve twee tegenvoeters. That\u2019s all. (Lemmingen zijn overigens erg leuke diertjes: ze lijken qua motoriek en beharing heel sterk op een marmot, maar dan ter grootte van een dikke huismuis.) Het is er vooral Groot en Groots dus. Je bent alleen met het niets. Een hele dag. Dagen achtereen. Dat maakt een soort pelgrim van je: teruggeworpen op je zelf. Trage eindeloze voortgang, slechts gebaseerd op voornemens en wilskracht. <a href=\"http:\/\/danverkoopjetochgewoonjehuis.nl\/wp-content\/gallery\/fotoboek\/reis429.jpg\" data-rel=\"lightbox\"><img decoding=\"async\" src=\"http:\/\/danverkoopjetochgewoonjehuis.nl\/wp-content\/gallery\/fotoboek\/reis429.jpg\"><\/a>Men heeft je hier volstrekt niet nodig. Je bent een verkenner, misschien zelfs een inbreker; een ali\u00ebn (\u2026)\u00a0 De grote leegte met een stipje ergens in het midden. En jij bent dat stipje.<br>\nTegelijkertijd is er v\u00e9\u00e9l kleins te ontdekken, zo merk je na verloop van tijd steeds duidelijker. Een en\u00f3rm gevarieerd en alom aanwezig minileven: zodra je je focus van de verte haalt en naar je zeer nabije omgeving verplaatst wordt je ronduit overweldigd door al die details in vorm en kleur. Hier is de zomer hooguit drie maanden lang en dat maakt de hoogvlakte van de Hardanger tot een \u2018arctisch\u2019 gebied \u2013 een toendra dus. Alles wat er kan groeien sp\u00e1t heftig, fel zelfs, naar het licht. De begroeiing blijkt onstuimig, kleurrijk en veelvormig. Maar dat zie je eigenlijk pas goed als je er al je aandacht op richt. \u201cJe ogen groeien naar beneden\u201d Niets wordt er erg groot. De hoogste plantjes zijn heideachtig of grassig en tot zo\u2019n 40 cm. hoog. Maar er zijn nog v\u00e9\u00e9l meer \u2018mossige\u2019 soorten. Waarvan bij beiden heel veel bloeiende.\u00a0 En oneindig veel n\u00f3g kleiner leven, zoals de veelkleurige algachtige rotsbekleding. Kijk maar:<a href=\"http:\/\/danverkoopjetochgewoonjehuis.nl\/wp-content\/gallery\/fotoboek\/reis430.jpg\" data-rel=\"lightbox\"><img decoding=\"async\" src=\"http:\/\/danverkoopjetochgewoonjehuis.nl\/wp-content\/gallery\/fotoboek\/reis430.jpg\"><\/a>Je komt ogen tekort -en valt beslist ook op je snuit- zodra je je werkelijk op al dat microleven richt. Misschien is het juist wel dat geweldige contrast tussen het Grootte Niets en de op micro niveau Volledige Vulling met klein leven die onze diep-beleefde conclusie draagt: de Hardanger Vidda is <em><strong>pr\u00e1chtig<\/strong><\/em> !<br>\nMet onze zintuigen tot overlopens toe gevuld kwamen we aldus rond 16.00 uur, dit keer ontspannen lopend, aan in de hut \u2018H\u00e5dlaskard\u2019.<\/p>\n<p>Tot nog toe liepen we bij droog en vrij rustig weer, maar in Sandhaug was ons de dreiging van een weersomslag gemeld. En inderdaad: toen we wakker werden bleek er een windkracht tot 7 \u00e1 8 Bf. (!) uit ZO door te staan. Ook bleek er sprake van heel laag hangende bewolking. We besluiten daarom de tocht naar- en de beklimming van- de berg \u2018H\u00e5rteigen\u2019 over te slaan en van H\u00e5dlaskard rechtstreeks naar de daarna volgende hut door te steken: een tocht van zo\u2019n 24 km. waar 7.30 uur looptijd voor staat. Dit blijkt deze zaterdag een gouden keuze: we lopen nu de West-Vidda (de \u2018Bergen\u2019 zijde dus) op en die is bergachtiger dan het oosten.\u00a0 Zelfs de lage toppen zien we al spoedig niet meer \u2013 ze verdwijnen in de wolken. En de wind blaast ons bij vlagen z\u00f3 krachtig tegen de rugzak dat we zijdeling moeten wegstappen om niet om te vallen. (Opzij stappen valt trouwens niet altijd mee: vaak is het \u2018pad\u2019 een uitgelopen sleuf van nauwelijks anderhalve schoen breed en een hele schoen diep. Zet dan maar eens vlot een voet opzij weg om een windvlaag te compenseren! Ik ben dit \u2018mannequin-paden\u2019 gaan noemen, omdat ik vermoed dat zij de enigen zijn die moeiteloos slechts \u00e9\u00e9n schoen breed kunnen voortgaan \u2026) Hoewel we deze dag wel weer pittig vinden is hij op een geheel eigen wijze ook geweldig: meer rotsen en steeds grotere niveau verschillen. Het wordt ruiger. We komen meer dan 20 meren tegen die zich bevinden op hoogten tussen 1100 en 1280 meter. We lopen langs sneeuw, langs historische zomer(vee)hutten van gestapelde steen, langs verlaten vissershutten aan de oevers van grotere meren, langs een zomerboerderij met ruigharige schapen. <a href=\"http:\/\/danverkoopjetochgewoonjehuis.nl\/wp-content\/gallery\/fotoboek\/reis431.jpg\" data-rel=\"lightbox\"><img decoding=\"async\" src=\"http:\/\/danverkoopjetochgewoonjehuis.nl\/wp-content\/gallery\/fotoboek\/reis431.jpg\"><\/a>En over meerdere \u2018zomerbruggen\u2019, dat zijn tijdelijke bruggen over niet doorwaadbare snelle stromen. (Die bestaan meestal uit een kabelconstructie die het hele jaar blijft zitten, waar dan gedurende de \u2018zomer\u2019tijd houten schotten in worden gehangen.) Ruim voor de avond al komen we, moe maar voldaan, aan in \u2018Stavali\u2019 onze laatste Vidda-hut, die overigens ook weer bemand is. Je kunt er zelfs een biertje kopen! Er is nog geen gsm-bereik -op de hele Hardanger niet- maar wel zijn er wat zonnepanelen, zodat de beheerder m\u2019n telefoon wel weer wat wil bijladen. We eten en slapen hier heerlijk. Al blijkt het \u2019s nachts te regenen als we de 200 meter naar \u2019t toilet oversteken. (De toilethutten liggen niet voor niets altijd flink verderop; bij gebrek aan een vorm van riolering stinken ze onbeschrijfelijk !) Deze maandag zal de (laatste) etappe vooral in het teken van heftig afdalen staan: na vertrek uit Stavalli\u00a0 (op ca. 1150 meter) moeten we eerst tot ruim 1300 meter klimmen om daarna af te dalen tot <strong><em>0<\/em><\/strong> meter. Naar fjordwater namelijk, dus naar zeeniveau. Daar zijn zo\u2019n 16 kilometers mee gemoeid, voornamelijk over rotsen. Vooral bij regen wordt deze tocht in onze Noorse beschrijvingen \u2018lastig\u2019 tot \u2018gevaarlijk\u2019 genoemd \u2013 en de weervooruitzichten lijken slecht. Maar we hebben geen keus, de afdaling MOET nu eenmaal gemaakt worden. We vertrekken rond 8.30 uur nog bij droog weer en de eerste twee uur klimmen en dalen door de stenige heuvels gaat voorspoedig. <a href=\"http:\/\/danverkoopjetochgewoonjehuis.nl\/wp-content\/gallery\/fotoboek\/reis432.jpg\" data-rel=\"lightbox\"><img decoding=\"async\" src=\"http:\/\/danverkoopjetochgewoonjehuis.nl\/wp-content\/gallery\/fotoboek\/reis432.jpg\"><\/a>Dan komen de wolken echter snel omlaag en na korte tijd sluiten ze ons helemaal in. Daarmee wordt het lastiger het \u2018pad\u2019 te volgen, want op stenige ondergronden kun je de route alleen volgen aan de hand van de bekende \u2018steenmannetjes\u2019 (Gestapelde stenen met een merkteken op \u00e9\u00e9n daarvan, in dit geval een rode T.) Net voordat we aan het steilere deel van de afdaling begonnen ( 1300 meter omlaag in ca. 9 km.) komt de regen los en een de uren daarna regent het flink hard en aan \u00e9\u00e9n stuk door. We merken nu aan den lijve waarom e.e.a. als \u2018potentieel gevaarlijk\u2019 wordt betiteld: we moeten vele grote vlakke rotsplaten over, vaak zonder enige begroeiing, terwijl die platen vaak meer dan 10 % helling vertonen. Over die platen stroomt inmiddels ook centimeters water, zodat ze geen enkel houvast meer bieden aan onze zoolprofielen. En helaas blijven de wolken zo laag dat ze ons in nevelen hullen, zodat we regelmatig ook de volgende richtingsaanwijzing niet kunnen zien tot we er bijna bovenop staan. Over meerdere plateaus zijn we op handen en knie\u00ebn achteruit naar beneden geschoven of gegleden, soms zonder te weten wat er achter lag. Ook zijn we allebei onderuitgegaan en een paar slagen doorgerold voordat we weer controle hadden \u2026 Uiteraard waren alle rotstrappen en afdalingsgeulen inmiddels veranderd in waterlopen en watervallen, maar we moesten er toch door. <a href=\"http:\/\/danverkoopjetochgewoonjehuis.nl\/wp-content\/gallery\/fotoboek\/reis433.jpg\" data-rel=\"lightbox\"><img decoding=\"async\" src=\"http:\/\/danverkoopjetochgewoonjehuis.nl\/wp-content\/gallery\/fotoboek\/reis433.jpg\"><\/a>Uiteindelijk kwamen we echter zonder grote ongelukken beneden, maar het hoeft geen betoog dat we \u00e9cht uitgeput waren. Waarschijnlijk nog meer door een overmaat aan concentratie en controleverlies dan door de afstand en het hoogteverschil zelf, maar de vermoeidheid is daar niet minder om. We moesten toen nog een heel eind lopen, in \u2018pinquinsuit\u2019 (poncho) langs een sterk dalende landweg. Maar dat gaf ook wel weer gelegenheid om opnieuw in balans te komen en de spanning achter ons te laten. Wat dan overblijft is achtereenvolgens: 1. de opluchting dat alles wel goed is afgelopen,\u00a0 2. trots en voldoening over de geleverde prestatie ( ruim 100 \u2018eigen\u2019 kms. dwars over de Hardanger Vidda ) en 3. een hernieuwd besef van geweldige rijkdom aan indrukken en waarnemingen.\u00a0 In de namiddag bereikten we Kinsarvik; op zeeniveau aan de Hardangerfjord en streken we neer in een hotelletje.\u00a0 Met elektra, een douche en een diner\u2026<br>\nWe laden er onze elektronische spulletjes op, hebben weer bereik dus doen wat SMSjes \u2018de deur uit\u2019 en vragen de balie naar de reistijden van de ferry en de bus naar Bergen. Dan wacht ons een kamer met bed. En nu g\u00e9\u00e9n stapelbed \u2026<br>\nOp dinsdag de 16de klaart het weer snel op en kunnen we rond 10.00 uur alweer lekker buiten zitten op veerboot door de fjord. Ook de busreis bevalt ons prima: fraaie uitzichten op fjorden, landschap en dorpen in westelijk Noorwegen. En natuurlijk: een goede zetel onder de flink benutte en nu eindelijk in ruste verkerende spieren. Ook niet verkeerd. We komen rond 14.30 uur aan in het hotel in Bergen dat onze knaapjes al voor ons hadden gereserveerd. Dit gebouw blijkt in het centrum van de oude stad te liggen, dus na het droppen van onze rugzakken en het naar binnen slaan van een bekertje koffie negeren we onze na-vermoeienissen en dwalen door deze verrukkelijke stad. (We waren hier al eens eerder) Enkele uren en een terrasje met lekker eten later, trekken we ons met onze boekjes in de hotelkamer terug en maken er een nacht van met een hoge graad van bewusteloosheid.<a href=\"http:\/\/danverkoopjetochgewoonjehuis.nl\/wp-content\/gallery\/fotoboek\/reis423a.jpg\" data-rel=\"lightbox\"><img decoding=\"async\" src=\"http:\/\/danverkoopjetochgewoonjehuis.nl\/wp-content\/gallery\/fotoboek\/reis423a.jpg\"><\/a><br>\nWe vliegen vanuit Bergen pas later in de middag, dus hebben we op woensdagmorgen nog tijd zat om onder meer uitgebreid door prachtige \u2018antieke\u2019 trapstraatjes te dwalen. Inpakken is natuurlijk daarna ook een makkie met slechts twee rugtassen bezit. We vlogen vervolgens soepel en geheel volgens schema in ruim een uur van Bergen naar Kopenhagen, aten daar wat en vertrokken toen naar Schiphol dat na weer een uur vliegen werd bereikt (blijft een erg vlotte manier van reizen -\u00e1ls je eenmaal in je toestel zit dan natuurlijk\u2026). Kort en goed: om 11.40 uur waren we weer in Lunteren en brachten we ons trouw wachtende autootje daar weer tot leven.<\/p>\n<p>En voelden we ons opperbest. Ervaringen rijker. De zintuigen tot barsten toe gevuld.<br>\nWant louter \u2018op je zelf gaan\u2019 geeft ultieme voldoening. En <strong><em>de Hardanger is geweldig!<\/em><\/strong><\/p>\n","protected":false},"excerpt":{"rendered":"<p>( Noot:\u00a0 foto\u2019s aanklikken = vergroten \u2026) Op dinsdag 9 augustus vertrekken we om 8.06 uur van station Lunteren (waar de auto best 9 dagen kan blijven staan\u2026). We hebben hiervandaan een prima verbinding met Schiphol: alleen overstappen in Ede-Wageningen en d\u00e1n uitstappen op de luchthaven. De vliegtickets zitten in onze \u2018handleiding\u2019: de boekvormige tochtbeschrijving &#8230; <a title=\"Hiking the Hardanger\" class=\"read-more\" href=\"https:\/\/wordpress.bruins.tech\/?page_id=1517\" aria-label=\"Lees meer over Hiking the Hardanger\">Lees verder<\/a><\/p>\n","protected":false},"author":3,"featured_media":0,"parent":17,"menu_order":0,"comment_status":"open","ping_status":"open","template":"","meta":{"footnotes":""},"class_list":["post-1517","page","type-page","status-publish"],"_links":{"self":[{"href":"https:\/\/wordpress.bruins.tech\/index.php?rest_route=\/wp\/v2\/pages\/1517","targetHints":{"allow":["GET"]}}],"collection":[{"href":"https:\/\/wordpress.bruins.tech\/index.php?rest_route=\/wp\/v2\/pages"}],"about":[{"href":"https:\/\/wordpress.bruins.tech\/index.php?rest_route=\/wp\/v2\/types\/page"}],"author":[{"embeddable":true,"href":"https:\/\/wordpress.bruins.tech\/index.php?rest_route=\/wp\/v2\/users\/3"}],"replies":[{"embeddable":true,"href":"https:\/\/wordpress.bruins.tech\/index.php?rest_route=%2Fwp%2Fv2%2Fcomments&post=1517"}],"version-history":[{"count":0,"href":"https:\/\/wordpress.bruins.tech\/index.php?rest_route=\/wp\/v2\/pages\/1517\/revisions"}],"up":[{"embeddable":true,"href":"https:\/\/wordpress.bruins.tech\/index.php?rest_route=\/wp\/v2\/pages\/17"}],"wp:attachment":[{"href":"https:\/\/wordpress.bruins.tech\/index.php?rest_route=%2Fwp%2Fv2%2Fmedia&parent=1517"}],"curies":[{"name":"wp","href":"https:\/\/api.w.org\/{rel}","templated":true}]}}