{"id":182,"date":"2008-02-11T19:48:36","date_gmt":"2008-02-11T18:48:36","guid":{"rendered":"http:\/\/danverkoopjetochgewoonjehuis.nl\/?page_id=182"},"modified":"2008-02-11T19:48:36","modified_gmt":"2008-02-11T18:48:36","slug":"godspraak","status":"publish","type":"page","link":"https:\/\/wordpress.bruins.tech\/?page_id=182","title":{"rendered":"Godspraak"},"content":{"rendered":"<p><strong><font face=\"Verdana\"><o><\/o><\/font><\/strong><o><\/o><\/p>\n<p class=\"MsoNormal\"><font color=\"#003366\">Subtitel: <em>&#8220;Lourdes&#8221; bestaat deze week 50 (60?) jaar, maar &#8211; hebt u \u00e9cht een Bernadette nodig om wonderen te zien ..?<\/em><\/font><\/p>\n<p class=\"MsoNormal\">&nbsp;<\/p>\n<p class=\"MsoNormal\"><font face=\"Verdana\" size=\"2\">Vandaag (weer eens) god gezien.<\/font><\/p>\n<p class=\"MsoNormal\"><font face=\"Verdana\" size=\"2\">Hij (zij\/het?) toonde zich nu in de vorm van de ondergaande zon, precies tussen de oude hulst en de stam van een Methusalem onder de eiken.<\/font><\/p>\n<p class=\"MsoNormal\"><font face=\"Verdana\" size=\"2\">\u201cWat vind je ervan?\u201d, vroeg god me.<\/font><\/p>\n<p class=\"MsoNormal\"><font face=\"Verdana\" size=\"2\">Ik voelde wel dat hij (zij\/\u2026) niet zozeer doelde op het meest recente gebrek aan verrichtingen van het kabinet B\u2026, noch op de hardnekkige pogingen van ene Peter R. de V. om zich over de ranzige ruggen van zich misdragenden in de kijkert te spelen, maar wat hij ( zij\/..) dan w\u00e9l bedoelde..?<\/font><\/p>\n<p class=\"MsoNormal\"><font face=\"Verdana\" size=\"2\">\u201cWaarvan?\u201d, luidde mijn wedervraag daarom. Alleszins voorzichtig, want een godloze aanbidder als onderhavige houdt z\u2019n kruid natuurlijk nadrukkelijk droog jegens het Hogere.<\/font><\/p>\n<p class=\"MsoNormal\"><font face=\"Verdana\" size=\"2\">\u201cWat z\u00ede je?\u201d, sprak de zonn(ig)e god hierop.<\/font><\/p>\n<p class=\"MsoNormal\"><font face=\"Verdana\" size=\"2\">Ik k\u00e9\u00e9k en zag:<\/font><\/p>\n<p class=\"MsoNormal\"><font face=\"Verdana\" size=\"2\">-goedgeschorste dennenstammen statig ten hemel reizen<\/font><\/p>\n<p class=\"MsoNormal\"><font face=\"Verdana\" size=\"2\">-ontelbare naalden onbeweeglijk tegen afnemend blauw ge\u00ebtst staan<\/font><\/p>\n<p class=\"MsoNormal\"><font face=\"Verdana\" size=\"2\">-en naast nog meer van dit soort beelden van onbeschrijflijke schoonheid voelde ik een keur van geuren en geluiden m\u2019n zintuigen bestormen.<\/font><\/p>\n<p class=\"MsoNormal\"><font face=\"Verdana\" size=\"2\">Ik vertelde hem (haar\/..) dit.<\/font><\/p>\n<p class=\"MsoNormal\"><font face=\"Verdana\" size=\"2\">\u201cNeem nogmaals waar\u201d, resoneerde het nu als opdracht vanuit m\u2019n navel naar het schedeldak.<\/font><\/p>\n<p class=\"MsoNormal\"><font face=\"Verdana\" size=\"2\">En ik zag hoe het rood-goud van de westzijde op de stammen verliep via oker naar omber tot ruim 3\/4 van de stamdikte om vervolgens in lichtbruin\/zilvergrijs te eindigen aan de oostzijde.<\/font><\/p>\n<p class=\"MsoNormal\"><font face=\"Verdana\" size=\"2\">Ik nam waar hoe geuren, kleuren en geluiden me voorbij het kennelijke maximum aan capaciteit vulden en vervolgens overweldigden; en weer vervloeiden, m\u00e9t steeds meer beelddetails, tot \u00e9\u00e9n bonte zintuiglijke explosie: alle zintuigen op tilt. Om daarna alsnog te kalmeren tot een stille vloeibare volheid \u2013 die zich echter laat begrijpen, noch overdragen.<\/font><\/p>\n<p class=\"MsoNormal\"><font face=\"Verdana\" size=\"2\">Na een tijdje louter indrinken van indrukken en daarna weer bijkomen, haalde ik adem en antwoordde als in een zucht op de eerdere vraag die dit alles bewerkte: \u201cIk <em>heb <\/em>waargenomen, maar kan van wat ik weet bijna niets beschrijven\u201d\u2026<\/font><\/p>\n<p class=\"MsoNormal\"><font face=\"Verdana\" size=\"2\">God glimlachte zeer vanuit de diepe blos die inmiddels de zijne (hare\/..) was en nu zag ik dat hij (zij\/..) het karakter van een spiegel had. Wie naar wie keek en van waar en wie een vraag kwam deed er niet meer toe. Alles en allen in\u00e9\u00e9n.<\/font><\/p>\n<p class=\"MsoNormal\">&nbsp;<\/p>\n<p class=\"MsoNormal\"><font face=\"Verdana\" size=\"2\">&#8220;Schepping, schepper, geschapene, gelijk, geluk en zijn is alles hetzelfde&#8221; hamert van rechts een Specht.<\/font><\/p>\n<p class=\"MsoNormal\"><font face=\"Verdana\" size=\"2\">En ik weet dat hij gelijk heeft, maar kan wat ik weet niet vatten.<\/font><\/p>\n<p class=\"MsoNormal\"><font face=\"Verdana\" size=\"2\">Licht verward daal ik af.<\/font><\/p>\n<p class=\"MsoNormal\"><font face=\"Verdana\" size=\"2\">En slaap geweldig.<\/font><\/p>\n<p class=\"MsoNormal\"><font face=\"Verdana\" size=\"2\">Leef enorm.<\/font><\/p>\n<p><o><\/o><\/p>\n<p class=\"MsoNormal\"><font face=\"Verdana\" size=\"2\">Gode zij dank.<\/font><\/p>\n","protected":false},"excerpt":{"rendered":"<p>Subtitel: &#8220;Lourdes&#8221; bestaat deze week 50 (60?) jaar, maar &#8211; hebt u \u00e9cht een Bernadette nodig om wonderen te zien ..? &nbsp; Vandaag (weer eens) god gezien. Hij (zij\/het?) toonde zich nu in de vorm van de ondergaande zon, precies tussen de oude hulst en de stam van een Methusalem onder de eiken. \u201cWat vind &#8230; <a title=\"Godspraak\" class=\"read-more\" href=\"https:\/\/wordpress.bruins.tech\/?page_id=182\" aria-label=\"Lees meer over Godspraak\">Lees verder<\/a><\/p>\n","protected":false},"author":3,"featured_media":0,"parent":17,"menu_order":0,"comment_status":"open","ping_status":"open","template":"","meta":{"footnotes":""},"class_list":["post-182","page","type-page","status-publish"],"_links":{"self":[{"href":"https:\/\/wordpress.bruins.tech\/index.php?rest_route=\/wp\/v2\/pages\/182","targetHints":{"allow":["GET"]}}],"collection":[{"href":"https:\/\/wordpress.bruins.tech\/index.php?rest_route=\/wp\/v2\/pages"}],"about":[{"href":"https:\/\/wordpress.bruins.tech\/index.php?rest_route=\/wp\/v2\/types\/page"}],"author":[{"embeddable":true,"href":"https:\/\/wordpress.bruins.tech\/index.php?rest_route=\/wp\/v2\/users\/3"}],"replies":[{"embeddable":true,"href":"https:\/\/wordpress.bruins.tech\/index.php?rest_route=%2Fwp%2Fv2%2Fcomments&post=182"}],"version-history":[{"count":0,"href":"https:\/\/wordpress.bruins.tech\/index.php?rest_route=\/wp\/v2\/pages\/182\/revisions"}],"up":[{"embeddable":true,"href":"https:\/\/wordpress.bruins.tech\/index.php?rest_route=\/wp\/v2\/pages\/17"}],"wp:attachment":[{"href":"https:\/\/wordpress.bruins.tech\/index.php?rest_route=%2Fwp%2Fv2%2Fmedia&parent=182"}],"curies":[{"name":"wp","href":"https:\/\/api.w.org\/{rel}","templated":true}]}}