{"id":186,"date":"2008-02-17T09:48:20","date_gmt":"2008-02-17T08:48:20","guid":{"rendered":"http:\/\/danverkoopjetochgewoonjehuis.nl\/?page_id=186"},"modified":"2008-02-17T09:48:20","modified_gmt":"2008-02-17T08:48:20","slug":"misstand-in-lommerland","status":"publish","type":"page","link":"https:\/\/wordpress.bruins.tech\/?page_id=186","title":{"rendered":"Misstand in Lommerland"},"content":{"rendered":"<p class=\"MsoNormal\"><font size=\"2\" face=\"Verdana\">Zoals mediagetrouwe lezers zullen weten wordt allerwegen in ons oud-Calvinistische landje volop aandacht gegeven aan een verstandige omgang met de ons omringende ecologie en grondstoffen. <\/font><\/p>\n<p class=\"MsoNormal\"><font size=\"2\" face=\"Verdana\">Een spaarzaam gedrag wordt dan ook aanbevolen en normaal geacht, terwijl wij onze laatste muntstukjes inzetten voor duurzame en de bevolking krachtdadig ondersteunende zaken als versterking der dijken, een verdere modernisering van stormvloedkeringen, het bijvoederen van\u00a0 teloorgaanden en dergelijke. Een saaie doch wezenlijk fraaie synthese van prettig vooruitziende en oerdegelijke bestuurders en hun noestbetrouwbare achterban die wij gemakshalve nogal eens \u2019t Volk noemen.<\/font><\/p>\n<p class=\"MsoNormal\"><font size=\"2\" face=\"Verdana\">Natuurlijk zijn er zo nu en dan wel eens onverdroten storende, doorgaans wat uit de rails gelopen individuen, bijvoorbeeld getooid met voornamen als Rita of met een onwaarschijnlijk gebleekt toefje bovenop het baby-face, die qua vooruitzien niet verder zijn gekomen dan het doorpapagaaien van hetgeen zij eerder in morsige etablissementen bij monde van teveel drinkende achterstandskneusjes eigenlijk per ongeluk aan \u2018meningen\u2019 gewaar werden\u2026, maar als wij \u2013w\u00e9l tamelijk gezonden- dan weer zijn uitgelachen na hen een wijle geamuseerd te hebben aangehoord, keert rust, luister en lommer doorgaans in het gelijknamige landje terug. Wij keren ons aangezicht wanneer mogelijk weer naar de zon en\/of onze geliefde en nemen ons werk en de rest van ons leven, als vanouds tevreden, weer op. Het is traag-lustig en gedegen leven dus in ons Lommerland beschermd door beproefde motto\u2019s als \u201cdoe maar gewoon dan doe je al gek genoeg\u201d en \u201czuinigheid met vlijt bouwt huizen als kastelen!\u201d <\/font><\/p>\n<p class=\"MsoNormal\"><font size=\"2\" face=\"Verdana\">Wars van verspilling en overdaad verzoolt men dus tenminste drie keer de oude schoenen, gaan zomer- en winterjassen al gauw vijf jaar of langer mee en wordt een lekkende emmer nog vele jaren dapper als decoratief, groendragend element in eigen voorhof tentoongesteld. Tot zover de minstens levenslang vol te houden rijkdom aan soberheid die het \u00e9chte genieten, z\u00f3nder afbraak dus, pas goed mogelijk maakt &#8211; voor\u00e1l bij wie dit reeds langer doorzag.<\/font><\/p>\n<p><o :p><font size=\"2\" face=\"Verdana\">\u00a0<\/font><\/o><\/p>\n<p class=\"MsoNormal\"><font size=\"2\" face=\"Verdana\">Toevend in \u00e9\u00e9n der lommerrijkste gewesten van ons Lommerlandje moet mij, juist ter wille van het behoud van onze bovenbeschreven gezamenlijke hoogidyllische leefwijze, \u00e9\u00e9n -want daarmee zeer vloekende- <em>misstand<\/em> aan de kaak gesteld of voor uw voetlicht gebracht:<\/font><\/p>\n<p class=\"MsoNormal\"><font size=\"2\" face=\"Verdana\">Achter uitbundig \u00e9n krachtig met hekwerken afgebakend struweel blijkt zich hier in de nabijheid een groep randsociale beroepsverspillers te verschuilen. Men produceert \u2013buiten lawaai en onbenullig taalgebruik- in \u2019t geheel niets, doch vernield slechts; en dat nog achteloos, alsof met vergunning\u2026\u00a0 Men woont enkele sterk verwaarloosde, reeds lang maatschappelijk nutteloze, panden verder uit en eet zonder enige g\u00eane louter op basis van handreikingen uit de pot die met recht ooit de eretitel \u201conze algemene middelen\u201d meekreeg. Nu kan ik het, als iedere oprechte landgenoot, vanzelfsprekend billijken wanneer nooddruftige laaggeschoolden die, hopelijk tijdelijk, even niet mee kunnen komen worden bijgevoerderd, maar d\u00e9ze groep presteert het \u00f3\u00f3k nog <em>vanuit diezelfde middelen<\/em> uiterst onnutte ijzerwaren aan te schaffen of te doen aanschaffen en die vervolgens ter verroesting buiten te zetten, door het zand te slepen en\/of systematisch en grootschalig weg te werpen!<\/font><\/p>\n<p class=\"MsoNormal\"><font size=\"2\" face=\"Verdana\">Met name dat laatste mag toch ronduit destructief gedrag worden genoemd: men werpt urenlang grote hoeveelheden klein verdeelde metaalwaren rond, vergezeld gaande van zeer natuuronvriendelijk geknal en forse rookwolken. Dankzij toegevoegd vuurwerk, de zogenaamde \u201clichtspoor munitie\u201d, ziet men bovendien kans dit gearrangeerd verspillen van materiaal en de kwaliteit van leven in wijde omtrek, tot diep in de nacht voort te zetten.<\/font><\/p>\n<p class=\"MsoNormal\"><font size=\"2\" face=\"Verdana\">Terwijl de rest van de natie dus nadenkt over pensioenperspectieven en andere cruciale voorzieningen, zoals bijvoorbeeld het handhaven van droge voeten \u201cafter Al Gore\u201d, jagen z\u00edj ongeremd onze grondstoffen er vast even doorheen. Dit kan natuurlijk zo niet doorgaan!<\/font><\/p>\n<p class=\"MsoNormal\"><font size=\"2\" face=\"Verdana\">Hier lijkt mij dus een mooie taak weggelegd voor onze tot nu toe wellicht nog wat weinig daadkrachtige gekozenen: st\u00f3p de verspilling, vergroot de vrije natuur aanzienlijk, houd pecunia over voor \u00e9chte, tevens duurzame, doelen \u00e9n ontspan de krappe arbeidsmarkt met nieuw aanbod van deze tot nog toe slechts potverterende uit-het-zicht-blijvers door het nemen van slechts \u00e9\u00e9n eenvoudige en voor de hand liggende maatregel.<\/font><\/p>\n<p class=\"MsoNormal\"><font size=\"2\" face=\"Verdana\">Die maatregel luidt: <u>hef<\/u> <u>deze<\/u> <u>vereniging<\/u> <u>van<\/u> <u>vrij<\/u> <u>rondschietende<\/u> <u>eeuwige<\/u> <u>adolescenten<\/u> <u>\u00f3p<\/u>.<\/font><\/p>\n<p><o :p><font size=\"2\" face=\"Verdana\">\u00a0<\/font><\/o><\/p>\n<p class=\"MsoNormal\"><font size=\"2\" face=\"Verdana\">Die enkele Rus die hier mocht komen vangen wij wel gewoon op bij het VVV. <\/font><\/p>\n<p>Dat doen we tenslotte met de Duitsers ook al weer ruim 60 jaar &#8211; en h\u00e9\u00e9l succesvol!<\/p>\n","protected":false},"excerpt":{"rendered":"<p>Zoals mediagetrouwe lezers zullen weten wordt allerwegen in ons oud-Calvinistische landje volop aandacht gegeven aan een verstandige omgang met de ons omringende ecologie en grondstoffen. Een spaarzaam gedrag wordt dan ook aanbevolen en normaal geacht, terwijl wij onze laatste muntstukjes inzetten voor duurzame en de bevolking krachtdadig ondersteunende zaken als versterking der dijken, een verdere &#8230; <a title=\"Misstand in Lommerland\" class=\"read-more\" href=\"https:\/\/wordpress.bruins.tech\/?page_id=186\" aria-label=\"Lees meer over Misstand in Lommerland\">Lees verder<\/a><\/p>\n","protected":false},"author":3,"featured_media":0,"parent":17,"menu_order":0,"comment_status":"open","ping_status":"open","template":"","meta":{"footnotes":""},"class_list":["post-186","page","type-page","status-publish"],"_links":{"self":[{"href":"https:\/\/wordpress.bruins.tech\/index.php?rest_route=\/wp\/v2\/pages\/186","targetHints":{"allow":["GET"]}}],"collection":[{"href":"https:\/\/wordpress.bruins.tech\/index.php?rest_route=\/wp\/v2\/pages"}],"about":[{"href":"https:\/\/wordpress.bruins.tech\/index.php?rest_route=\/wp\/v2\/types\/page"}],"author":[{"embeddable":true,"href":"https:\/\/wordpress.bruins.tech\/index.php?rest_route=\/wp\/v2\/users\/3"}],"replies":[{"embeddable":true,"href":"https:\/\/wordpress.bruins.tech\/index.php?rest_route=%2Fwp%2Fv2%2Fcomments&post=186"}],"version-history":[{"count":0,"href":"https:\/\/wordpress.bruins.tech\/index.php?rest_route=\/wp\/v2\/pages\/186\/revisions"}],"up":[{"embeddable":true,"href":"https:\/\/wordpress.bruins.tech\/index.php?rest_route=\/wp\/v2\/pages\/17"}],"wp:attachment":[{"href":"https:\/\/wordpress.bruins.tech\/index.php?rest_route=%2Fwp%2Fv2%2Fmedia&parent=186"}],"curies":[{"name":"wp","href":"https:\/\/api.w.org\/{rel}","templated":true}]}}