{"id":1936,"date":"2012-12-18T13:08:50","date_gmt":"2012-12-18T12:08:50","guid":{"rendered":"http:\/\/danverkoopjetochgewoonjehuis.nl\/?page_id=1936"},"modified":"2012-12-18T13:08:50","modified_gmt":"2012-12-18T12:08:50","slug":"pimpelmesjokke","status":"publish","type":"page","link":"https:\/\/wordpress.bruins.tech\/?page_id=1936","title":{"rendered":"PimpelMesjokke &#8230;"},"content":{"rendered":"<p>&#8211; een waarneming achter dubbel glas &#8211;<\/p>\n<p>&nbsp;<\/p>\n<p>We zijn ontdekt.<\/p>\n<p>En herkent voor wie we zijn.<\/p>\n<p>Waar we zijn.<\/p>\n<p>Hoe we leven.<\/p>\n<p>Door een Pimpelmees.<\/p>\n<p>E\u00e9n van een hele familie Pimpels.<\/p>\n<p>Maar wel die ene afwijkende.<\/p>\n<p>Een solist.<\/p>\n<p>\u2018Die Alleinganger\u2019<\/p>\n<p>Alles aan hem (of haar?) is des Pimpels:<\/p>\n<p>Het kleine, zeer beweeglijke, vogellijf op die dunne pootjes strak stuiterend als een rijk gestoffeerd \u00a0pingpong balletje.<\/p>\n<p>De kleuren van die stoffering \u2013 bleekgeel, fijn zwart, een ietsje glanzend mosgroen en prachtig licht antracietgrijs in smaakvolle Pimpel opmaak.<\/p>\n<p>De heldere kraaloogjes, twinkelend binnen hun diepzwarte \u2018Zorro\u2019belijning, speurend van onder de parelgrijze tonsuur op het nog beweeglijker kopje.<\/p>\n<p>Beweeglijk?<\/p>\n<p><em>S\u00faper beweeglijk!<\/em><\/p>\n<p>Precies d\u00e1\u00e1r precies begint zijn (of haar?) solisme:<\/p>\n<p>Alle \u00e1ndere leden van de familie Pimpel kijken vanuit de struiken eerst tweemaal rond, landen dan op het voedertafeltje voor het raam, kijken daar opnieuw tweemaal rond en duiken vervolgens vol overgave de op zijn kant vastgebonden pot Pindakaas in. Drie, vier fijne vette pikken en dan \u2013<em>rrrrt<\/em>&#8211; w\u00e9gwezen. Aldus de standaard Pimpelprocedure.<\/p>\n<p>Zo niet d\u00e9ze Pimpelaar:<\/p>\n<p>Hij(zij?) kijkt vanuit de struiken direct al naar dat grote raam \u00e1chter de voedertafel en zeilt dan in \u00e9\u00e9n vloeiende beweging tot op de onderste glaslat, waar hij de nageltjes zelfverzekerd in prikt. Aldus vrij strak tegen het glas gezeten kijkt hij gretig naar binnen. Met flitsende kopbewegingen drinkt hij(zij?), met beide kraaloogjes in de stand \u201c100% willen weten\u201d de wereld achter die dubbele ruit in.<\/p>\n<p>Dan t\u00f3ch even de Pindakaaspot in voor enkel snelle pikken. Maar ook van daar uit worden, tussen elke twee pikjes in, snelle blikken geworpen op de wereld achter dat glas.<\/p>\n<p>Dan zit hij(zij?) er weer. Op die glaslat. De achterlangs dansende Eekhoorn wordt genegeerd. Met de snavel op hooguit 0.1 mm vrij van de ruit beweegt hij(zij?) de blikken rap van onder naar boven, van links naar rechts, van boven naar beneden, in diagonalen, in \u201cachtjes\u201d en dan weer omgekeerd \u2026\u00a0 En zo scant hij ons en onze omgeving volledig in.<\/p>\n<p>Hapje Pindakaas &#8211;<\/p>\n<p>En direct terug voor z\u2019n(haar?) nimmer aflatend onderzoek.<\/p>\n<p>Onderzoek?<\/p>\n<p>Wetenschap op z\u2019n Pimpels?<\/p>\n<p>-Beoordeelt hij dan wat \u2018ie(ze?) ziet?-<\/p>\n<p>Of \u2018gewoon\u2019 een mees met ADHD of een nerveuze tic?<\/p>\n<p>-Die dus eenvoudigweg niet k\u00e1n stoppen?-<\/p>\n<p>We zullen het vermoedelijk nooit weten.<\/p>\n<p>&nbsp;<\/p>\n<p>Wat we <em>wel <\/em>weten is dat we plotseling te kijk zitten. Ons doen en laten wordt gespot.<\/p>\n<p>Met regelmaat.<\/p>\n<p>Met enorme inzet.<\/p>\n<p>Met grote overgave en mogelijk nog grotere precisie.<\/p>\n<p>We hebben even het gevoel dat <em>wij <\/em>in dat \u2018Glazen Huis\u2019 zitten \u2026<\/p>\n<p>&nbsp;<\/p>\n<p>Hebben wij ook een \u2018<em>Serious Request<\/em>\u2019, bijvoorbeeld met betrekking tot onze privacy?<\/p>\n<p>Ach, dat valt eigenlijk wel mee.<\/p>\n<p>De gluurder (gluurster?) is tenslotte slechts een tergend nieuwsgierige Pimpelmees.<\/p>\n<p>Die zich gelukkig niet in voor ons begrijpelijke taal zal kunnen uitspreken.<\/p>\n<p>We komen dus ook niet dankzij hem (of haar?) in de Roddelpers terecht.<\/p>\n<p>Met ons liefdesleven of anderszins graag priv\u00e9 gehouden movements \u2026<\/p>\n<p>&nbsp;<\/p>\n<p>Nader beschouwd niet zoveel aan de hand:<\/p>\n<p>Gewoon een nieuwsgierige Pimpel.<\/p>\n<p>Of \u00e9\u00e9n met een tic.<\/p>\n<p>PimpelMesjokke.<\/p>\n","protected":false},"excerpt":{"rendered":"<p>&#8211; een waarneming achter dubbel glas &#8211; &nbsp; We zijn ontdekt. En herkent voor wie we zijn. Waar we zijn. Hoe we leven. Door een Pimpelmees. E\u00e9n van een hele familie Pimpels. Maar wel die ene afwijkende. Een solist. \u2018Die Alleinganger\u2019 Alles aan hem (of haar?) is des Pimpels: Het kleine, zeer beweeglijke, vogellijf op &#8230; <a title=\"PimpelMesjokke &#8230;\" class=\"read-more\" href=\"https:\/\/wordpress.bruins.tech\/?page_id=1936\" aria-label=\"Lees meer over PimpelMesjokke &#8230;\">Lees verder<\/a><\/p>\n","protected":false},"author":3,"featured_media":0,"parent":17,"menu_order":0,"comment_status":"open","ping_status":"open","template":"","meta":{"footnotes":""},"class_list":["post-1936","page","type-page","status-publish"],"_links":{"self":[{"href":"https:\/\/wordpress.bruins.tech\/index.php?rest_route=\/wp\/v2\/pages\/1936","targetHints":{"allow":["GET"]}}],"collection":[{"href":"https:\/\/wordpress.bruins.tech\/index.php?rest_route=\/wp\/v2\/pages"}],"about":[{"href":"https:\/\/wordpress.bruins.tech\/index.php?rest_route=\/wp\/v2\/types\/page"}],"author":[{"embeddable":true,"href":"https:\/\/wordpress.bruins.tech\/index.php?rest_route=\/wp\/v2\/users\/3"}],"replies":[{"embeddable":true,"href":"https:\/\/wordpress.bruins.tech\/index.php?rest_route=%2Fwp%2Fv2%2Fcomments&post=1936"}],"version-history":[{"count":0,"href":"https:\/\/wordpress.bruins.tech\/index.php?rest_route=\/wp\/v2\/pages\/1936\/revisions"}],"up":[{"embeddable":true,"href":"https:\/\/wordpress.bruins.tech\/index.php?rest_route=\/wp\/v2\/pages\/17"}],"wp:attachment":[{"href":"https:\/\/wordpress.bruins.tech\/index.php?rest_route=%2Fwp%2Fv2%2Fmedia&parent=1936"}],"curies":[{"name":"wp","href":"https:\/\/api.w.org\/{rel}","templated":true}]}}