{"id":20,"date":"2006-06-19T23:11:12","date_gmt":"2006-06-19T21:11:12","guid":{"rendered":"http:\/\/danverkoopjetochgewoonjehuis.nl\/?page_id=20"},"modified":"2006-06-19T23:11:12","modified_gmt":"2006-06-19T21:11:12","slug":"verantwoording","status":"publish","type":"page","link":"https:\/\/wordpress.bruins.tech\/?page_id=20","title":{"rendered":"Verantwoording&#8230;"},"content":{"rendered":"<p><strong>Verantwoording: <\/strong>aan dyslectici, moeizaamfabeten en gewoon leesluien\u2026<br \/>\n<em>( Geplaatst als 65<sup>ste <\/sup>[!] maandelijkse stukje in de dorpskrant van Elahuizen)<\/em><\/p>\n<p>Mij bereiken wel eens opmerkingen als hieronder:<br \/>\n <em>Veel te moeilijke stukjes, Joop.<\/em><br \/>\n<em> Al die komma\u2019s en die bijzinnen.<br \/>\nDaar moet ik echt voor gaan zitten.<br \/>\nEn dat komt er vaak niet zo van.<br \/>\nDus dan kun je net zo goed ni\u00e9t schrijven.<br \/>\nWeinig mensen lezen het volgens mij.<\/em><br \/>\nDeze geluiden zijn natuurlijk zeer w\u00e1\u00e1r:<br \/>\n* de stukjes zijn veelal slechts leesbaar voor taalvaardige doorbijters<br \/>\n* naast een algemeen natuurminnende inslag verondersteld de schrijver:<br \/>\n &#8211; vaak enige hartelijke ironische resonantie in uw karakter<br \/>\n&#8211; vergezeld van verwondering als krachtige \u2018trigger\u2019 voor het denken<br \/>\n&#8211; en belangstelling voor bijna alles<br \/>\n( dus als dat allemaal <em>niet of veel te weinig <\/em>in u zit &#8230; )<br \/>\n* de schrijver kan weliswaar oeverloos leuteren, echter niet <em>schrijven <\/em><br \/>\n* de stukjes hebben zelden met Elahuizen te maken, dus waarom lezen?<br \/>\n* \u2026 \u2026 \u2026( <em>hier schrijve u geheel onbevangen uw eigen waarheid nog even bij<\/em> )<br \/>\nTegelijkertijd is voornoemd terecht commentaar echter grote onzin, want er wordt uitgegaan van <em>geheel verkeerde veronderstellingen<\/em>.<\/p>\n<p>De belangrijkste daarvan is deze: dat schrijver dezes <strong><em>schrijver<\/em><\/strong> zou willen zijn, te beginnen in onze dorpskrant. Dat hij dus veelvuldig urenlang zou gaan zitten werken aan wat vernuftige tekst om deze via veel inkorten (want schrijven is schrappen, zoals bekend), herformuleren, opnieuw indelen, enzovoorts, aan u op te dienen als sterk staaltje van overdracht op papier. Het resultaat van deze zowel artistieke als ambachtelijke worsteling als eerste stap daartoe voldaan toevertrouwend aan de redactie van ons onvolprezen Dorpsblad.<\/p>\n<p>Van voornoemde veronderstelling klopt niets. Wat is er <em>werkelijk<\/em> aan de hand?<br \/>\n<em>De vraag<\/em> van voornoemde redactie luidde eertijds als volgt: \u201cGoh, jullie lopen het Pieterpad, h\u00e9? En jij vertelt wel makkelijk. Zou je, ook om te voorkomen dat onze Marl\u00fbd zich wat teveel beperkt tot louter aankondigingen en mededelingen, niet regelmatig eens wat over dat lopen willen vertellen?\u201d<br \/>\n<em>Het antwoord<\/em> van Ondergetekende: \u201cO.K., dat wil ik wel, maar dan komt \u2019t wel net zo naar je toe als dat ik \u2019t door de telefoon zou vertellen, want: ik ben geen schrijver en ik heb ook geen tijd om elke maand een doorwrocht stukje te maken.<br \/>\n\u201dRedactie: \u201cOh, dat geeft niks. Het zou al heel fijn zijn als we eens wat meer verhalende tekst hebben\u201d. Tot zover een deal die inmiddels heeft geleid tot 130 bladzijden in 65 dorpskranten gedurende 7 jaar. (Wat dus <em>niets<\/em> zegt over de kwaliteiten van noch de redactie, noch uw leuteraar. Het zegt slechts iets over de trouwhartige en hardnekkige inborst bij beiden: <em>als <\/em>we iets afspreken, nou dan <em>doen <\/em>we ook wat we zeggen &#8211; tot we er bij neervallen\u2026)<br \/>\nElk stukje komt nog altijd simpelweg tot stand door: kort voor de deadline zonder enige voorbereiding achter de tekstverwerker te springen, in \u00e9\u00e9n keer een tekst in te ratelen en deze vervolgens diezelfde avond nog bij een redactielid in de bus te deponeren. Er <strong><em>is<\/em><\/strong> dus geen schrijver: <em>u neemt slechts bruut opgetekende gedachten waar<\/em>.<\/p>\n<p><em>Wat betekent nu dit alles ?!<\/em><\/p>\n<p>Wel, om te beginnen dat van niemand kan en zal worden gevergd ook maar enig gezwam van ondergetekende tot zich te nemen. (Om u het overslaan gemakkelijk te maken heeft de redactie e.e.a dan ook steevast op dezelfde bladzijden geplaatst: men neg\u00e9re gewoon blz. 2 en 3 of plakke deze zelfs consequent aan\u00e9\u00e9n direct bij binnenkomst van dit voortreffelijke blad. Op deze laatste wijze voorkomt men, desgewenst, tevens onver-hoopte bezoedeling van eventuele tere zielen bij andere huisgenoten)<\/p>\n<p>Voorts kunt u uiterst gemakkelijk vrijwel geh\u00e9\u00e9l afkomen van de producten van ondergetekende, daartoe zijn twee methoden doeltreffend naar ik aanneem:<\/p>\n<p>1. Men melde de redactie van dit blad dat men voortaan graag z\u00e9lf deze bladen zou willen vullen, dan wel er dwingend op toe zal zien d\u00e1t anderen dat doen; \u00f3f <\/p>\n<p>2. De redactie wordt op zo\u2019n ondubbelzinnige wijze kond\u2019 gedaan van het opgestapelde ongenoegen, dat zij van kleur verschiet en ad-hoc besluit van \u00e9lke verdere <em>plaatsing<\/em> af te zien.<\/p>\n<p>In het eerste geval kiest de redactie terecht voor afwisseling en verbreding van haar aanbod, in het tweede geval kiest zij slechts eieren voor haar geld.<br \/>\nLaat u echter <em>niet<\/em>, dan wel <em>te weinig systematisch<\/em> van u horen, <em>d\u00e1n<\/em> blijft u dus gewoon maandelijks opgescheept zitten met het nu toch welbekend te achten geklets van ondergetekende (tot <em>ik <\/em>verkies om ermee op te houden \u2013 ulevert zich dan dus gewoon uit..); kompleet met een woud aan terloopsheden, veelal verpakt in bijzinnen, gescheiden en\/of bekrachtigd door alle mogelijke leestekens. (<em>Dit<\/em> <em>soort zinnen dus!<\/em>)<\/p>\n<p><em>En is dit nu \u00e9rg ? Ik vind van niet<\/em> en wel om verschillende redenen:<\/p>\n<p>a) Beter ruime keus in wat u desnoods ook over kan slaan dan niets te kiezen\u2026<br \/>\nb) Lees de \u00e9\u00e9rste zeven <em>wel makkelijk leesbare <\/em>zinnen \u2013 geen barst aan toch?<br \/>\nc) Als u niet bij de in de aanhef genoemde drie categorie\u00ebn wilt (blijven) horen, dan kunt u deze maandelijkse oefeningen op bladzijde 2 en 3 gewoon goed gebruiken!<br \/>\nd) Uw abonnementsgeld is al jaren veel te laag om iets te klagen te hebben\u2026<br \/>\ne) U hebt z\u00e9lf hiermee een geweldige kans: als u regelmatig een leesbaar en zelfs maar matig boeiend stukje instuurt erkend men u te Elahuizen en omstreken direct als begenadigd schrijver (nu men <em>deze<\/em> stukjes kent\u2026)<br \/>\nen<br \/>\nf) U hebt dit stukje nu al weer uit:<\/p>\n<p>er stond overigens <em>weer<\/em> niets \u00edn<\/p>\n<p>\u2026 <em>dus<\/em> hebt u ook niet echt <em>gel\u00e9den<\/em>.<\/p>\n","protected":false},"excerpt":{"rendered":"<p>Verantwoording: aan dyslectici, moeizaamfabeten en gewoon leesluien\u2026 ( Geplaatst als 65ste [!] maandelijkse stukje in de dorpskrant van Elahuizen) Mij bereiken wel eens opmerkingen als hieronder: Veel te moeilijke stukjes, Joop. Al die komma\u2019s en die bijzinnen. Daar moet ik echt voor gaan zitten. En dat komt er vaak niet zo van. Dus dan kun &#8230; <a title=\"Verantwoording&#8230;\" class=\"read-more\" href=\"https:\/\/wordpress.bruins.tech\/?page_id=20\" aria-label=\"Lees meer over Verantwoording&#8230;\">Lees verder<\/a><\/p>\n","protected":false},"author":3,"featured_media":0,"parent":17,"menu_order":0,"comment_status":"open","ping_status":"open","template":"","meta":{"footnotes":""},"class_list":["post-20","page","type-page","status-publish"],"_links":{"self":[{"href":"https:\/\/wordpress.bruins.tech\/index.php?rest_route=\/wp\/v2\/pages\/20","targetHints":{"allow":["GET"]}}],"collection":[{"href":"https:\/\/wordpress.bruins.tech\/index.php?rest_route=\/wp\/v2\/pages"}],"about":[{"href":"https:\/\/wordpress.bruins.tech\/index.php?rest_route=\/wp\/v2\/types\/page"}],"author":[{"embeddable":true,"href":"https:\/\/wordpress.bruins.tech\/index.php?rest_route=\/wp\/v2\/users\/3"}],"replies":[{"embeddable":true,"href":"https:\/\/wordpress.bruins.tech\/index.php?rest_route=%2Fwp%2Fv2%2Fcomments&post=20"}],"version-history":[{"count":0,"href":"https:\/\/wordpress.bruins.tech\/index.php?rest_route=\/wp\/v2\/pages\/20\/revisions"}],"up":[{"embeddable":true,"href":"https:\/\/wordpress.bruins.tech\/index.php?rest_route=\/wp\/v2\/pages\/17"}],"wp:attachment":[{"href":"https:\/\/wordpress.bruins.tech\/index.php?rest_route=%2Fwp%2Fv2%2Fmedia&parent=20"}],"curies":[{"name":"wp","href":"https:\/\/api.w.org\/{rel}","templated":true}]}}