{"id":202,"date":"2008-04-14T19:26:37","date_gmt":"2008-04-14T18:26:37","guid":{"rendered":"http:\/\/danverkoopjetochgewoonjehuis.nl\/?page_id=202"},"modified":"2008-04-14T19:26:37","modified_gmt":"2008-04-14T18:26:37","slug":"laat-u-in-de-boot-nemen-ga-gerust-het-schip-in","status":"publish","type":"page","link":"https:\/\/wordpress.bruins.tech\/?page_id=202","title":{"rendered":"Laat u in de Boot nemen &#8211; Ga gerust het Schip in!"},"content":{"rendered":"<p>Dezer dagen werden we weer eens geconfronteerd met de enorme onderscheidenheid in mensen.<br \/>\nHoe en door Wie daar gaat het nu niet om. Deze gedachten notitie heeft niet als doel keuzen te maken <em>tegen<\/em> mensen. Laat staan mensen <em>\u2018af te serveren\u2019.<\/em> Zo zijn we niet gebakken.<br \/>\nWel zijn we gebakken met een ongeneeslijk optimisme. Of misschien is dit niet meer dan simpelweg ingebakken \u2018hoop\u2019. Wat ons betreft dus van de soort \u2018die leven doet\u2019. Letterlijk <em>\u00e9lke <\/em>keer dat we z\u00e9lf, bij of <em>met<\/em> iemand, stilstaan bij gebeurtenissen van betekenis blijkt hoezeer de startpositie, de attitude, bepalend is voor het verdere verloop. Zelfs dus voor de \u2018levensloop\u2019. Het bekende verhaal van het halfvolle, dan wel halfl\u00e9ge, glas is van z\u00e9\u00e9r bepalende invloed. Er is binnen zoveel ethische systemen (waaronder wij zowel religies als filosofisch\/ humanistische stromingen rekenen) z\u00f3veel al over gezegd, dat we niet de illusie koesteren hier op diepgravend niveau nog iets aan toe te kunnen voegen. Wellicht kunnen we dat <em>wel <\/em>op een veel profaner niveau (waarin ik bovendien bovengemiddeld vertrouwd ben..): het <em>uitdrukkings<\/em>niveau,<em> <\/em>hoe \u00e9\u00e9n en ander <em>samenhangend in taal kan worden weergegeven <\/em>\u2013 of samengevat.<\/p>\n<p>Een poging daartoe:<br \/>\nHoe vol het glas voelt komt grosso modo neer op hoe wij \u2018verwerken\u2019. De ervaringen \u2018een plek geven\u2019 wordt vaak gezegd als einddoel daarbij. Er zijn natuurlijk wel enkele \u2018systeem-eisen\u2019 bij betrokken zoals elke goede om zich heen kijker kan constateren:<br \/>\n*Om zich niet bij voorbaat <em>zelf <\/em>tot slachtoffer te verklaren is de acceptatie <em>d\u00e1t <\/em>enige emotionele tikken tijdens een heel leven je deel <em>zullen <\/em>zijn toch wel het minste dat we mogen v\u00f3\u00f3ronderstellen. (En dan hebben we \u2019t <em>hier te Lande <\/em>altijd nog over verdriet <em>temidden <\/em>van alle goeds..)<br \/>\n*Voorts is \u2018verwerken\u2019 natuurlijk al een werkwoord in het kwadraat: een werkwoord op zich dat ook nog <em>werken <\/em>als kern heeft. (Dus niet wachten op god of goeroe <em>in plaats van<\/em> te ondernemen)<br \/>\nHet komt mij gaandeweg mijn bestaan, <em>zowel waarnemend als ervarend<\/em>, voor dat juist het verwerken van zaken z\u00e9lf weer aan de basis ligt van veel goeds \u2013 van nieuw vermogen. En juist d\u00e9ze schijnbare contradictio \u2013beschadiging als nieuwe grond ander de hoeven- laat zich heel wel in scheepsbegrippen beschrijven:<br \/>\n-Alles wat ons hard raakt wordt als last ervaren (en staat dan centraal).<br \/>\n-Daarna wordt het als ballast \u2018meegedragen\u2019 (want het leven gaat t\u00f3ch door).<br \/>\n-Na de <em>nodige <\/em>verwerkingstijd<em> <\/em>echter versmelt ook dit blokje ballast met wat je je heel goed kunt voorstellen als je totale kielgewicht.<br \/>\n-Het vermeerdert daarmee <em>diepgang<\/em> en <em>stabiliteit<\/em>.<br \/>\n-En vergroot dus je zelfoprichtend vermogen aanzienlijk.<\/p>\n<p>Kortom: <em>goed verw\u00e9rkte<\/em> ervaring vergroot onze diepgang en stabiliteit.<br \/>\n(Geen wonder dat sommige \u2018oude pijn\u2019 eigenlijk niet meer gemist kan worden..)<\/p>\n<p>Het is mogelijk dat zulks u als lezer gekunsteld voorkomt, een woordenspel. Ik zie het echter juist als een heel directe en kernachtige weergave van een waarheid die mijn feitelijke levenservaring me gaandeweg heeft voorgeschoteld. Ik ken nog enkele mensen die hierin nog wel een slag kunnen maken (om in scheepstermen te blijven). Hiertoe roept dus de titel op wanneer die meldt:<br \/>\n<em>Laat u in de boot nemen \u2013 ga gerust het schip in<\/em> !<\/p>\n<p>Schier\/Earnew\u00e2ld, 12\/14 april 2008 <\/p>\n","protected":false},"excerpt":{"rendered":"<p>Dezer dagen werden we weer eens geconfronteerd met de enorme onderscheidenheid in mensen. Hoe en door Wie daar gaat het nu niet om. Deze gedachten notitie heeft niet als doel keuzen te maken tegen mensen. Laat staan mensen \u2018af te serveren\u2019. Zo zijn we niet gebakken. Wel zijn we gebakken met een ongeneeslijk optimisme. Of &#8230; <a title=\"Laat u in de Boot nemen &#8211; Ga gerust het Schip in!\" class=\"read-more\" href=\"https:\/\/wordpress.bruins.tech\/?page_id=202\" aria-label=\"Lees meer over Laat u in de Boot nemen &#8211; Ga gerust het Schip in!\">Lees verder<\/a><\/p>\n","protected":false},"author":3,"featured_media":0,"parent":17,"menu_order":0,"comment_status":"open","ping_status":"open","template":"","meta":{"footnotes":""},"class_list":["post-202","page","type-page","status-publish"],"_links":{"self":[{"href":"https:\/\/wordpress.bruins.tech\/index.php?rest_route=\/wp\/v2\/pages\/202","targetHints":{"allow":["GET"]}}],"collection":[{"href":"https:\/\/wordpress.bruins.tech\/index.php?rest_route=\/wp\/v2\/pages"}],"about":[{"href":"https:\/\/wordpress.bruins.tech\/index.php?rest_route=\/wp\/v2\/types\/page"}],"author":[{"embeddable":true,"href":"https:\/\/wordpress.bruins.tech\/index.php?rest_route=\/wp\/v2\/users\/3"}],"replies":[{"embeddable":true,"href":"https:\/\/wordpress.bruins.tech\/index.php?rest_route=%2Fwp%2Fv2%2Fcomments&post=202"}],"version-history":[{"count":0,"href":"https:\/\/wordpress.bruins.tech\/index.php?rest_route=\/wp\/v2\/pages\/202\/revisions"}],"up":[{"embeddable":true,"href":"https:\/\/wordpress.bruins.tech\/index.php?rest_route=\/wp\/v2\/pages\/17"}],"wp:attachment":[{"href":"https:\/\/wordpress.bruins.tech\/index.php?rest_route=%2Fwp%2Fv2%2Fmedia&parent=202"}],"curies":[{"name":"wp","href":"https:\/\/api.w.org\/{rel}","templated":true}]}}