{"id":313,"date":"2008-10-18T18:54:11","date_gmt":"2008-10-18T16:54:11","guid":{"rendered":"http:\/\/danverkoopjetochgewoonjehuis.nl\/?page_id=313"},"modified":"2008-10-18T18:54:11","modified_gmt":"2008-10-18T16:54:11","slug":"la-douche-france","status":"publish","type":"page","link":"https:\/\/wordpress.bruins.tech\/?page_id=313","title":{"rendered":"La Douche France"},"content":{"rendered":"<p>\u201cNee, niet met bus of trein maar met de Caravan. Zo hebben we feitelijk een hele courgette voor onszelf. Want ook \u2018vieille amants\u2019 hebben nog van die avonden dat de nabijheid van anderen een ietsje te sensibel zou komen te \u2018liggen\u2019 nietwaar! Cent rancunes, maar toch. Premierre nog even een tussenstopje bij Frank en Wil op Aire Naturellement \u2018le Bonhomme\u2019 nabij la Ch\u00e2tre, maar anvin staan we dan vice en vice voor de M\u00e9diratennee. Bij Fr\u00e9jus ga je d\u2019r af. Of even daarvoor dan, in Fr\u00e9jus d\u2019Orange. Daar krijg je die hele scherpe vitrage naar links en dan ontplooit zich about pour temps dat hele panoramopticum. Chat qu\u2019un a son coup, maar dat is zoiets ravitaillants. En meteen daarna krijg je dat bord met directoire Nice. Bij de oude abeille. Wat er allemaal bloeit nu! Hybriscussen, gerianums, rotondendrons\u2026 en natuurlijk die paarse, hoe heet dat. De lavabo. Die h\u00e9\u00e9rlijke lucht!<\/p>\n<p>Maar we plukken ze nooit, want we zijn allegories voor lavabo. En we moeten als bons-vivants ook op ons quivitre zijn dat \u00e1l het water portable is. En modesse met kaas natuurlijk. Carambole, rochefort, grillage, rebouton; sterke kaas geeft geen problemen. Au confr\u00e8re! \u00a0Maar juist, betonn\u00e9 de se trouver en sable, de z\u00e1chtere kazen zoals p\u00e9l\u00e9rine, si\u00e8cle, gabardine, mousseline en stimorol en zo. Dat is qua smaak maar een nuance verschil maar dan zit ondergetekende de hele nacht op de retirade\u2026 Soie. Ach, het is gewoon een questie van savoir-ivre, als boh\u00e9mione. Gelukkig is Hanneke solitair met me. En toepasse, dat weet ik ook wel, maar als een g\u00e9rant dan \u2019s avonds op het net ontdekte terrasse mijn tournesol staat te flaneren of een prachtige steak au pouvoir en als ik dan na het eten met mijn Corbusier-cognacje al dat platte <em>werk<\/em>volk <em>op vakantie<\/em> \u00a0langs zie flamberen dan voel ik mijn als Schot in Frankrijk, cela va sentir. <\/p>\n<p>Nou werkt daar natuurlijk \u00f3\u00f3k aan mee dat Frans na alle er doorgebrachte tijd in feite mijn tweede moedertaal is geworden.\u00a0 Carton! \u2013 L\u2019addiction s\u2019ilvoupel!\u201d<\/p>\n<p>\u00a0<\/p>\n<p>(<em>Vrij naar<\/em> Kees van Kooten uit 2003)<\/p>\n","protected":false},"excerpt":{"rendered":"<p>\u201cNee, niet met bus of trein maar met de Caravan. Zo hebben we feitelijk een hele courgette voor onszelf. Want ook \u2018vieille amants\u2019 hebben nog van die avonden dat de nabijheid van anderen een ietsje te sensibel zou komen te \u2018liggen\u2019 nietwaar! Cent rancunes, maar toch. Premierre nog even een tussenstopje bij Frank en Wil &#8230; <a title=\"La Douche France\" class=\"read-more\" href=\"https:\/\/wordpress.bruins.tech\/?page_id=313\" aria-label=\"Lees meer over La Douche France\">Lees verder<\/a><\/p>\n","protected":false},"author":3,"featured_media":0,"parent":17,"menu_order":0,"comment_status":"open","ping_status":"open","template":"","meta":{"footnotes":""},"class_list":["post-313","page","type-page","status-publish"],"_links":{"self":[{"href":"https:\/\/wordpress.bruins.tech\/index.php?rest_route=\/wp\/v2\/pages\/313","targetHints":{"allow":["GET"]}}],"collection":[{"href":"https:\/\/wordpress.bruins.tech\/index.php?rest_route=\/wp\/v2\/pages"}],"about":[{"href":"https:\/\/wordpress.bruins.tech\/index.php?rest_route=\/wp\/v2\/types\/page"}],"author":[{"embeddable":true,"href":"https:\/\/wordpress.bruins.tech\/index.php?rest_route=\/wp\/v2\/users\/3"}],"replies":[{"embeddable":true,"href":"https:\/\/wordpress.bruins.tech\/index.php?rest_route=%2Fwp%2Fv2%2Fcomments&post=313"}],"version-history":[{"count":0,"href":"https:\/\/wordpress.bruins.tech\/index.php?rest_route=\/wp\/v2\/pages\/313\/revisions"}],"up":[{"embeddable":true,"href":"https:\/\/wordpress.bruins.tech\/index.php?rest_route=\/wp\/v2\/pages\/17"}],"wp:attachment":[{"href":"https:\/\/wordpress.bruins.tech\/index.php?rest_route=%2Fwp%2Fv2%2Fmedia&parent=313"}],"curies":[{"name":"wp","href":"https:\/\/api.w.org\/{rel}","templated":true}]}}