{"id":548,"date":"2008-10-24T11:51:31","date_gmt":"2008-10-24T09:51:31","guid":{"rendered":"http:\/\/danverkoopjetochgewoonjehuis.nl\/?page_id=548"},"modified":"2008-10-24T11:51:31","modified_gmt":"2008-10-24T09:51:31","slug":"de-winst-van-eindeloos-verliezen","status":"publish","type":"page","link":"https:\/\/wordpress.bruins.tech\/?page_id=548","title":{"rendered":"De Winst van Eindeloos Verliezen&#8230;"},"content":{"rendered":"<p>De winst van eindeloos verliezen is het bes\u00e9f dat het \u2018verliezen\u2019 <strong>eindigt<\/strong> <em>zodra <\/em>je ophoudt te denken in termen van winst.<\/p>\n<p>Er zijn vast heel wat ervaringen die je tot een dergelijk inzicht kunnen brengen natuurlijk.<\/p>\n<p>De mijne zijn buitengewoon platvloers: ik veeg me ritmisch uit de naad om de ruimhartige kubieke meters dennennaalden, -appels, eikenblad en \u2013kels regelmatig te verwijderen van terras en gras.<\/p>\n<p>Zelfs iets simpels als het bereikbaar houden van de voordeur vergt hier in zekere jaargetijden simpelweg weerkerende aandacht.<\/p>\n<p>Denkend in termen van \u2018winst en verlies\u2019 verlies je altijd: even wat windvlagen en\/of een regenbui en je ziet de volgende dag niets terug van de inspanningen in de vorige.<\/p>\n<p>Z\u00f3 denkend is dus sprake van \u2018hopeloze arbeid\u2019 of \u2018onbegonnen werk\u2019 (merkwaardig trouwens dat blijkens dit taalgebruik iets dat \u2018onbegonnen\u2019 is al als zinloos werd afgedaan&#8230;?!).<\/p>\n<p>Maar wat blijkt? <em>Du Moment<\/em> dat je de idee van <strong><em>resultaat<\/em><\/strong><em> als belangrijkste drijfveer<\/em> loslaat wordt diezelfde arbeid plots ervaren als \u2018gezonde lichaamsbeweging\u2019 en \u2018lekker even de tuin in\u2019.<\/p>\n<p>En past zij naadloos in de bloeiende praktijk van \u2018afzien = rijkdom\u2019 en \u2018minder = mooier\u2019 die wij zo heerlijk gaandeweg ontwikkelen.<\/p>\n<p>(De moeilijkheidsgraad van het werkelijk loslaten is natuurlijk de drempel die je over moet om je de wijsheid die daarachter ligt al oefenend eigen te kunnen maken.)<\/p>\n<p>De ontdekking van deze \u2018Bourgondische\u2019 componenten in \u201claat maar gaan\u201d kwam me onlangs weer zeer te stade: want ook wij hadden een leuk bedragje nabij Reykjavik gestald tegen de daar geldende prettige rente (\u2026) Nadat we dus via de Media mochten vernemen dat we die somma -waar we ondermeer van hoopten te leven tot mijn 65<sup>ste<\/sup> \u2013 gevoeglijk op onze weldoorvoede buikjes konden schrijven, lag ondergetekende van dit besef wakker.<\/p>\n<p><em>Heel even maar.<\/em> Want na een minuut of twintig al was daar de conclusie dat ook hierbij geldt<em>: wie niet strijd, verliest ook niet. <\/em>Gewoon \u2018loslaten\u2019 dus. En verdomt: binnen 5 minuten sliep ik gelijk de roemrucht geworden roos.<\/p>\n<p>[En ziet: amper twee dagen later verklaarde men zelfs mijn inmiddels opgegeven probleempje in het geheel niet bestaand\u2026]<\/p>\n<p>Minder is dus niet alleen mooier.<\/p>\n<p>Minder genereert ook \u2018verlichting\u2019.<\/p>\n<p>(En deze laatste constatering geve men vooral de verdiende gelaagdheid!)<\/p>\n<p>\u00a0<\/p>\n<p>Voortschrijdend inzicht:<\/p>\n<p>Op de stereotiepe vraag (aan een zojuist werkgestopte): \u201cWat doe je dan zo de hele dag?\u201d antwoordde ik eerst nogal eens: \u201cNiets\u201d<\/p>\n<p>Later werd dit: \u201cIk breng de dag door\u201d<\/p>\n<p>Nu is \u201cIk Ben\u201d het meest correct.<\/p>\n<p>\u00a0<\/p>\n<p>Het volgende is ook allebei waar:<\/p>\n<p>Nietsdoen is onmogelijk.<\/p>\n<p>Nietsdoen is veel werk.<\/p>\n<p>\u00a0<\/p>\n<p>Ter illustratie van enige zendingsijver mijnerzijds in dezen hieronder de \u2018Brief aan een Vriend\u2019.<\/p>\n<p>Een zeer goede vriend van ons besloot tot ons genoegen enige tijd in ons boshuisje te toeven terwijl wij de oevers van la M\u00e9diterrann\u00e9e afstruinden. Hij is nog niet zolang geleden gestopt met (betaald-)werken en denkt nog dikwijls over z\u2019n nabije toekomst na in termen van \u201cdo\u00e9n\u201d.<\/p>\n<p>Bij aankomst in ons Chalet trof hij de volgende brief op tafel aan:<\/p>\n<p><em><\/em><\/p>\n<p align=\"center\"><em>&#8211; &#8211; &#8211; &#8211; &#8211; &#8211; &#8211;<\/em><\/p>\n<p><em>Beste ( naam ),<\/em><\/p>\n<p><em><\/em><\/p>\n<p><em>Mocht je tijdens je verblijf in onze Kabouterstee nog immer behept blijken met een wat te zeer beperkt <strong>vermogen tot nietsdoen<\/strong>, dan stel ik voor dat je de blik regelmatig op het, op zich zo liefelijke, terras werpt.<\/em><\/p>\n<p><em>Je zult ontdekken dat een in deze tijd van het jaar niet aflatende regen van naalden (en dennenappels en eikels) je tot een regelmatig v\u00e9gen als het ware dwingend uitnodigt.<\/em><\/p>\n<p><em>Het merkwaardige aan dit vegen is ondermeer dat het tegelijk nodig \u00e9n zinloos is: ern\u00e1 lijkt het terras zoveel bruikbaarder, terwijl luttele dagen later het resultaat van je eerdere inspanning zelden nog waarneembaar is.<\/em><\/p>\n<p><em>De gestage val van de naalden en de onontkoombare hoeveelheid in een bepaalde tijdseenheid, versterkt door hun trotse vorm &#8211; de V van Victorie, ze w\u00e9ten dat ze aan het langste eind blijven trekken!- schotelen je per direct al een vermoeden van eindeloze herhaling voor.<\/em><\/p>\n<p><em>Het feit dat het naast deze naalden, die immers het afsterven symboliseren, tegelijk \u00f3\u00f3k gaat om dennenappels en vele, vele eikels &#8211; waarmee de eindeloze voortgang en hernieuwing van het leven naar de toekomst weer wordt gebeeldhouwd \u2013 rekt dit begrip \u2018eindeloos\u2019 al gauw stevig door in de richting van \u2018eeuwigheid\u2019.<\/em><\/p>\n<p><em>Flink voorbij \u201cwij, hier en nu\u201d in elk geval.<\/em><\/p>\n<p><em>Voor mij heeft ook dit profane bezig zijn bijgedragen aan deze groeiende \u00e9n groeizame ervaring: <strong>bij veelvuldige koppeling van de gedachte \u201czinloos\u201d aan kennelijk t\u00f3ch te waarderen handelingen, duikt een &#8211; contemplatieve- m\u00e9\u00e9rwaarde op in de geest<\/strong>, het ongerijmde blijkt toch te rijmen. <\/em><\/p>\n<p><em>Het vegen raakt l\u00f3s van enig te bereiken verderop gelegen doel.<\/em><\/p>\n<p><em>Het wordt in zichzelf nuttig..<\/em><\/p>\n<p><em>&#8211; Z\u00e9lfs als wordt besloten het na te laten\u2026<\/em><\/p>\n<p><em>(Wellicht komt hierin de ware zin van het aloude \u201cmonnikenwerk\u201d ons nader?)<\/em><\/p>\n<p><em><\/em><\/p>\n<p><em>Na deze waarnemingen enige tijd verinnerlijkt te hebben kan men met vreugde de bezem ter hand nemen z\u00f3nder ook maar enige gedachte te wijden aan bijvoorbeeld een voorspelde hardere wind en bijgevolg toenemende bestrooiingsverwachting, morgen.<\/em><\/p>\n<p><em>Dat d\u00f3et er niet meer toe.<\/em><\/p>\n<p><em>Ook het schone terras doet er eigenlijk niet toe.<\/em><\/p>\n<p><em>&#8211; Z\u00e9lfs niet als er dit w\u00e9l met waardering wordt waargenomen\u2026<\/em><\/p>\n<p><em><\/em><\/p>\n<p><em>Het vegen zelf strekt tot lust.<\/em><\/p>\n<p><em>Het resultaat op het terras ook.<\/em><\/p>\n<p><em>De langzaam toenemende noodzaak tot herhaling eveneens.<\/em><\/p>\n<p><em>De oneindigheid van dit proces evenzeer.<\/em><\/p>\n<p><em>En de herhaling tot in de eeuwigheid \u2013een begrip dat terloops ook weer aan gestalte wint!- <\/em><em>al helemaal.<\/em><\/p>\n<p><em><\/em><\/p>\n<p><em>\u201cVegen tot je er bij neervalt\u201d is voortaan dan ook af te doen als een ongerijmde zinsnede.<\/em><\/p>\n<p><em>Een inhoudsloze tekst.<\/em><\/p>\n<p><em>We vegen nat\u00fa\u00farlijk tot we ons er (ooit) bij neerl\u00e8ggen.<\/em><\/p>\n<p><em>D\u00e1n gaat een ander verder en zijn wij bijgevolg klaar.<\/em><\/p>\n<p><em>T\u00f3t die tijd is vegen gewoon vreugde.<\/em><\/p>\n<p><em>Omdat leven bewegen is.<\/em><\/p>\n<p><em>Ondermeer in adem en seizoenen.<\/em><\/p>\n<p><em>We vegend dus evenzeer in leven blijken dan bijvoorbeeld fietsend of zonnebadend.<\/em><\/p>\n<p><em>Of louter ademend.<\/em><\/p>\n<p><em><\/em><\/p>\n<p><em><\/em><\/p>\n<p><em><\/em><\/p>\n<p><em>Stel jezelf nu (weer) eens de vraag:<\/em><\/p>\n<p><em>waarom <strong>moest<\/strong> je ook alweer zo nodig iets do\u00e9n?<\/em><\/p>\n<p><em>Als elk antwoord je nu op voorhand min of meer zinloos voorkomt,<\/em><\/p>\n<p><em>ben ik blij je te hebben geschreven.<\/em><\/p>\n<p><em>En kun je gerust gaan vegen.<\/em><\/p>\n<p><em>Of ook in \u2018t geheel niet.<\/em><\/p>\n<p><em><\/em><\/p>\n<p><em><\/em><\/p>\n<p><em><\/em><\/p>\n<p><em>Aldus wens ik je een heel hoog \u2018Kaboutergehalte\u2019 in onze Woudstede,\u00a0\u00a0\u00a0\u00a0\u00a0\u00a0 <\/em><strong><em>Joop <\/em><\/strong><strong><em><\/em><\/strong><\/p>\n","protected":false},"excerpt":{"rendered":"<p>De winst van eindeloos verliezen is het bes\u00e9f dat het \u2018verliezen\u2019 eindigt zodra je ophoudt te denken in termen van winst. Er zijn vast heel wat ervaringen die je tot een dergelijk inzicht kunnen brengen natuurlijk. De mijne zijn buitengewoon platvloers: ik veeg me ritmisch uit de naad om de ruimhartige kubieke meters dennennaalden, -appels, &#8230; <a title=\"De Winst van Eindeloos Verliezen&#8230;\" class=\"read-more\" href=\"https:\/\/wordpress.bruins.tech\/?page_id=548\" aria-label=\"Lees meer over De Winst van Eindeloos Verliezen&#8230;\">Lees verder<\/a><\/p>\n","protected":false},"author":3,"featured_media":0,"parent":17,"menu_order":0,"comment_status":"open","ping_status":"open","template":"","meta":{"footnotes":""},"class_list":["post-548","page","type-page","status-publish"],"_links":{"self":[{"href":"https:\/\/wordpress.bruins.tech\/index.php?rest_route=\/wp\/v2\/pages\/548","targetHints":{"allow":["GET"]}}],"collection":[{"href":"https:\/\/wordpress.bruins.tech\/index.php?rest_route=\/wp\/v2\/pages"}],"about":[{"href":"https:\/\/wordpress.bruins.tech\/index.php?rest_route=\/wp\/v2\/types\/page"}],"author":[{"embeddable":true,"href":"https:\/\/wordpress.bruins.tech\/index.php?rest_route=\/wp\/v2\/users\/3"}],"replies":[{"embeddable":true,"href":"https:\/\/wordpress.bruins.tech\/index.php?rest_route=%2Fwp%2Fv2%2Fcomments&post=548"}],"version-history":[{"count":0,"href":"https:\/\/wordpress.bruins.tech\/index.php?rest_route=\/wp\/v2\/pages\/548\/revisions"}],"up":[{"embeddable":true,"href":"https:\/\/wordpress.bruins.tech\/index.php?rest_route=\/wp\/v2\/pages\/17"}],"wp:attachment":[{"href":"https:\/\/wordpress.bruins.tech\/index.php?rest_route=%2Fwp%2Fv2%2Fmedia&parent=548"}],"curies":[{"name":"wp","href":"https:\/\/api.w.org\/{rel}","templated":true}]}}