{"id":589,"date":"2008-11-06T14:49:54","date_gmt":"2008-11-06T13:49:54","guid":{"rendered":"http:\/\/danverkoopjetochgewoonjehuis.nl\/?page_id=589"},"modified":"2008-11-06T14:49:54","modified_gmt":"2008-11-06T13:49:54","slug":"groeispiraal-86","status":"publish","type":"page","link":"https:\/\/wordpress.bruins.tech\/?page_id=589","title":{"rendered":"Groeispiraal (&#8217;86)"},"content":{"rendered":"<p>\u00a0<\/p>\n<p>\u00e9\u00e9n keer huiver\u00a0 &#8211;\u00a0 \u00e9\u00e9n keer geraakt<\/p>\n<p>\u00e9\u00e9n keer schrik\u00a0 &#8211;\u00a0 \u00e9\u00e9n keer gesust<\/p>\n<p>\u00e9\u00e9n keer geschreeuwd\u00a0 &#8211;\u00a0 \u00e9\u00e9n keer geslapen<\/p>\n<p>\u00e9\u00e9n keer gesnikt\u00a0 &#8211;\u00a0 \u00e9\u00e9n keer geglimlacht<\/p>\n<p>\u00e9\u00e9n keer gevloekt\u00a0 &#8211;\u00a0 \u00e9\u00e9n keer geknield<\/p>\n<p>\u00e9\u00e9n keer huiver\u00a0 &#8211;\u00a0 \u00e9\u00e9n keer geraakt<\/p>\n<p>\u00e9\u00e9n keer schrik\u00a0 &#8211;\u00a0 \u00e9\u00e9n keer gerust<\/p>\n<p>enzoweer &#8230;<\/p>\n<p>\u00a0<\/p>\n<p>maar\u00a0toch\u00a0\u00a0\u00a0\u00a0\u00a0 &#8230; nooit\u00a0terug bij af !<\/p>\n","protected":false},"excerpt":{"rendered":"<p>\u00a0 \u00e9\u00e9n keer huiver\u00a0 &#8211;\u00a0 \u00e9\u00e9n keer geraakt \u00e9\u00e9n keer schrik\u00a0 &#8211;\u00a0 \u00e9\u00e9n keer gesust \u00e9\u00e9n keer geschreeuwd\u00a0 &#8211;\u00a0 \u00e9\u00e9n keer geslapen \u00e9\u00e9n keer gesnikt\u00a0 &#8211;\u00a0 \u00e9\u00e9n keer geglimlacht \u00e9\u00e9n keer gevloekt\u00a0 &#8211;\u00a0 \u00e9\u00e9n keer geknield \u00e9\u00e9n keer huiver\u00a0 &#8211;\u00a0 \u00e9\u00e9n keer geraakt \u00e9\u00e9n keer schrik\u00a0 &#8211;\u00a0 \u00e9\u00e9n keer gerust enzoweer &#8230; \u00a0 maar\u00a0toch\u00a0\u00a0\u00a0\u00a0\u00a0 &#8230; &#8230; <a title=\"Groeispiraal (&#8217;86)\" class=\"read-more\" href=\"https:\/\/wordpress.bruins.tech\/?page_id=589\" aria-label=\"Lees meer over Groeispiraal (&#8217;86)\">Lees verder<\/a><\/p>\n","protected":false},"author":3,"featured_media":0,"parent":587,"menu_order":0,"comment_status":"open","ping_status":"open","template":"","meta":{"footnotes":""},"class_list":["post-589","page","type-page","status-publish"],"_links":{"self":[{"href":"https:\/\/wordpress.bruins.tech\/index.php?rest_route=\/wp\/v2\/pages\/589","targetHints":{"allow":["GET"]}}],"collection":[{"href":"https:\/\/wordpress.bruins.tech\/index.php?rest_route=\/wp\/v2\/pages"}],"about":[{"href":"https:\/\/wordpress.bruins.tech\/index.php?rest_route=\/wp\/v2\/types\/page"}],"author":[{"embeddable":true,"href":"https:\/\/wordpress.bruins.tech\/index.php?rest_route=\/wp\/v2\/users\/3"}],"replies":[{"embeddable":true,"href":"https:\/\/wordpress.bruins.tech\/index.php?rest_route=%2Fwp%2Fv2%2Fcomments&post=589"}],"version-history":[{"count":0,"href":"https:\/\/wordpress.bruins.tech\/index.php?rest_route=\/wp\/v2\/pages\/589\/revisions"}],"up":[{"embeddable":true,"href":"https:\/\/wordpress.bruins.tech\/index.php?rest_route=\/wp\/v2\/pages\/587"}],"wp:attachment":[{"href":"https:\/\/wordpress.bruins.tech\/index.php?rest_route=%2Fwp%2Fv2%2Fmedia&parent=589"}],"curies":[{"name":"wp","href":"https:\/\/api.w.org\/{rel}","templated":true}]}}