{"id":636,"date":"2008-12-05T19:08:56","date_gmt":"2008-12-05T18:08:56","guid":{"rendered":"http:\/\/danverkoopjetochgewoonjehuis.nl\/?page_id=636"},"modified":"2008-12-05T19:08:56","modified_gmt":"2008-12-05T18:08:56","slug":"diploma","status":"publish","type":"page","link":"https:\/\/wordpress.bruins.tech\/?page_id=636","title":{"rendered":"Diploma (8.7.&#8217;89)"},"content":{"rendered":"<p>Mijn zoon\u00a0\u00a0\u00a0&#8211;\u00a0\u00a0 gediplomeerd!<\/p>\n<p>Niet langer eerst-en-alleen Mijn zoon,\u00a0 soms slechts:\u00a0 ik, Zijn vader&#8230;<\/p>\n<p>Maakt zich op\u00a0\u00a0-bijna bereid-\u00a0 voor z\u00e9lf\u00a0\u00a0\u00a0\u00a0\u00a0\u00a0 \u00a0 zelf gaan, temidden van\u00a0\u00a0\u00a0\u00a0<\/p>\n<p>al die anderen:\u00a0\u00a0 soms Wilde Dieren die spreken, soms Vrienden in de aanbieding die tev\u00e9\u00e9l van je willen, soms Systemen die t\u00e9 mooie namen dragen&#8230;<\/p>\n<p>Democratie:\u00a0\u00a0 wie overschreeuwt <em>is<\/em><\/p>\n<p>Welvaart:\u00a0\u00a0\u00a0 wie consumeert <em>is<\/em><\/p>\n<p>Je moet er wat voor \u00f3ver hebben\u00a0 &#8211; maar\u00a0 wie pers\u00e9 w\u00edl winnen verliest teveel<\/p>\n<p>Mijn zoon:<\/p>\n<p>-wie zichzelf verliest\u00a0\u00a0 <em>is <\/em>verloren<\/p>\n<p>-als jij m\u00e8ns wordt\u00a0\u00a0\u00a0\u00a0 win ook <em>ik<\/em><\/p>\n<p><em><\/em><\/p>\n<p><em>Jouw\u00a0Vader<\/em><\/p>\n","protected":false},"excerpt":{"rendered":"<p>Mijn zoon\u00a0\u00a0\u00a0&#8211;\u00a0\u00a0 gediplomeerd! Niet langer eerst-en-alleen Mijn zoon,\u00a0 soms slechts:\u00a0 ik, Zijn vader&#8230; Maakt zich op\u00a0\u00a0-bijna bereid-\u00a0 voor z\u00e9lf\u00a0\u00a0\u00a0\u00a0\u00a0\u00a0 \u00a0 zelf gaan, temidden van\u00a0\u00a0\u00a0\u00a0 al die anderen:\u00a0\u00a0 soms Wilde Dieren die spreken, soms Vrienden in de aanbieding die tev\u00e9\u00e9l van je willen, soms Systemen die t\u00e9 mooie namen dragen&#8230; Democratie:\u00a0\u00a0 wie overschreeuwt is Welvaart:\u00a0\u00a0\u00a0 wie &#8230; <a title=\"Diploma (8.7.&#8217;89)\" class=\"read-more\" href=\"https:\/\/wordpress.bruins.tech\/?page_id=636\" aria-label=\"Lees meer over Diploma (8.7.&#8217;89)\">Lees verder<\/a><\/p>\n","protected":false},"author":3,"featured_media":0,"parent":587,"menu_order":0,"comment_status":"open","ping_status":"open","template":"","meta":{"footnotes":""},"class_list":["post-636","page","type-page","status-publish"],"_links":{"self":[{"href":"https:\/\/wordpress.bruins.tech\/index.php?rest_route=\/wp\/v2\/pages\/636","targetHints":{"allow":["GET"]}}],"collection":[{"href":"https:\/\/wordpress.bruins.tech\/index.php?rest_route=\/wp\/v2\/pages"}],"about":[{"href":"https:\/\/wordpress.bruins.tech\/index.php?rest_route=\/wp\/v2\/types\/page"}],"author":[{"embeddable":true,"href":"https:\/\/wordpress.bruins.tech\/index.php?rest_route=\/wp\/v2\/users\/3"}],"replies":[{"embeddable":true,"href":"https:\/\/wordpress.bruins.tech\/index.php?rest_route=%2Fwp%2Fv2%2Fcomments&post=636"}],"version-history":[{"count":0,"href":"https:\/\/wordpress.bruins.tech\/index.php?rest_route=\/wp\/v2\/pages\/636\/revisions"}],"up":[{"embeddable":true,"href":"https:\/\/wordpress.bruins.tech\/index.php?rest_route=\/wp\/v2\/pages\/587"}],"wp:attachment":[{"href":"https:\/\/wordpress.bruins.tech\/index.php?rest_route=%2Fwp%2Fv2%2Fmedia&parent=636"}],"curies":[{"name":"wp","href":"https:\/\/api.w.org\/{rel}","templated":true}]}}