{"id":860,"date":"2009-08-05T16:59:18","date_gmt":"2009-08-05T15:59:18","guid":{"rendered":"http:\/\/danverkoopjetochgewoonjehuis.nl\/?page_id=860"},"modified":"2009-08-05T16:59:18","modified_gmt":"2009-08-05T15:59:18","slug":"ouder-worden-altijd-doen","status":"publish","type":"page","link":"https:\/\/wordpress.bruins.tech\/?page_id=860","title":{"rendered":"Ouder Worden? &#8211; altijd doen!"},"content":{"rendered":"<p>In deze tijd van botox-, facelift- en huidverzorgings-veelverdieners,\u00a0 zou je haast vergeten dat ouder worden vanz\u00e9lf gaat.<br \/>\nOp zich niet z\u00f3 erg: <em>wat vanzelf gaat, gaat makkelijk<\/em>. Zou je zo zeggen.<br \/>\nHelaas blijken velen systematisch te verdringen hoe <em>H\u00c9\u00c9RLIJK<\/em> ouder worden eigenlijk is. (Neem nu alleen al het feit dat je nog steeds niet dood bent ! &#8211; <em>grapje<\/em> )<br \/>\nIk moet jullie echter wel de illusie ontnemen dat dit<em> verdringen<\/em> van het ouder worden specifiek voor d\u00e9ze tijd zou zijn.<br \/>\nNeem nu bijvoorbeeld de term: &#8220;<strong>middelbare leeftijd<\/strong>&#8220;.<br \/>\nDaar werd gedurende mijn leven (tot op heden dus) toch al gauw een leeftijd van boven de 50 jaar mee bedoeld.<br \/>\nTerwijl iedereen die ook nog z\u00f3nder &#8216;platte Japanner&#8217; kan r\u00e9kenen begrijpen moet dat de &#8216;middelbare leeftijd&#8217;, gezien de gemiddelde leeftijd van ca. 78 jaar, <em>al sinds jaar en dag <strong>bij 39 jaar<\/strong> ingaat<\/em>&#8230;<br \/>\nOok zien we dat &#8220;<strong>de herfst van je leven<\/strong>&#8221; geacht wordt aan de orde te zijn wanneer een geheel <em>eigen<\/em> looprekje voor je staat, danwel nadrukkelijk in beeld komt.<br \/>\nTerwijl diezelfde nog autonoom calculerende medeburgers je, op basis van diezelfde gemiddelde levensverwachting, kunnen vertellen dat de herfst van je leven <em>ook al ingaat op de leeftijd van 39 jaar<\/em>, tenminste als je \u00f3\u00f3k nog een &#8220;winter van het leven&#8221; meerrekend. Doe je dat <em>niet<\/em> -en sluit je dus het leven simpelweg na de herfst al af- <em>dan nog begint die &#8216;herfst&#8217; met 58 jaar en 6 maanden !<\/em><br \/>\nPure verdringing dus: deze termen als etiketten niet op de g\u00e9ldende, maar op v\u00e9r daarachter weggeschoven levensfasen plakken.<br \/>\nLaten we hier even massaal ontnuchteren met d\u00e9ze bekentenis:<br \/>\n<strong>Als beginnend zestiger ben ik in \u00e9lke redelijk rekenkundig gefundeerde definitie niet alleen: voorbij de &#8220;middelbare leeftijd&#8221;, maar \u00f3\u00f3k reeds in &#8220;de herfst van mijn leven&#8221; beland&#8230;<\/strong><\/p>\n<p>Welnu: ik kan u mededelen dat, wanneer u daar als lezertje nog <strong>niet<\/strong> mocht zijn gearriveerd,<em><strong> u er verstandig aan doet u als de donder voor deze levensfase te melden!<\/strong><\/em><br \/>\nToegegeven: ik ben wel eens rijker geweest (qua inkomsten per maand dan) en ook wel eens veerkrachtiger (qua tempo van fysiek herstel na &#8217;t afbranden daaraan voorafgaand), maar ik kan me niet herinneren ooit: welvarender, agendalozer, bruiner, impulsiever, genietender, autonomer, meer (buiten)levend, weldoorvoeder; kortom: fysiek- en mentaal gez\u00f3nder (of ook <em>het e\u00edgen-welzijn-consumerender<\/em>) te zijn geweest !.<\/p>\n<p>Niet flauwekullen dus met (huid- en geest)str\u00e0ktrekkende middelen en -pillen of propaganda tekstjes daaromtrent, die allerhande lieden u aanbieden vanuit hun onbenullige en nog ongerijpte\u00a0 idee dat louter geld verdienen voor hen de kwaliteit van leven uitmaakt! Strijk die lui simpelweg (meelevend!) over het bolletje, dat kennelijk en helaas nog t\u00e9 jeugdig is (of te onbenullig blijft) om w\u00e9rkelijke waarden te herkennen, wimpel hen vervolgens krachtig af &#8211; en ga <em>vooral<\/em> <em>blijmoedig<\/em> verder met ouder worden. (&#8217;t Is feitelijk tenslotte niet m\u00e9\u00e9r &#8216;moeite&#8217; dan: ademhalen, een hapje en een drankje en slapen maar weer! Dus wat l\u00e8t je?!)<\/p>\n<p>Et Voil\u00e1: het volmaakte bestaan waait je alsnog aan.<\/p>\n<p>(NB.\u00a0 Lieden met geesten die nog v\u00f3\u00f3r het hierboven beschrevene blijven dolen,\u00a0 kunnen mij gerust bellen ter verlichting:\u00a0 wanneer ik <em>niet<\/em> slaap, fiets, vaar- of kampeer \u00e9n \u00f3\u00f3k nog tijd, zin, een telefoon in de buurt e.d. heb &#8211; <em>d\u00e1n<\/em> sta ik jullie <em>wellicht<\/em> ook nog te woord&#8230;\u00a0 Welwillend als altijd.)<\/p>\n<p>Lunteren,<br \/>\nop woensdag 5 augustus 2009<br \/>\nin de namiddag<br \/>\nvanaf het terras in het bos<br \/>\nnet buiten de volle zomerzon<br \/>\nbij zo&#8217;n 26 graden Celcius<br \/>\n\u00e9n een glas witte wijn,<br \/>\nalvorens aan een voor-de-maaltijd-tukje te beginnen,<br \/>\n<em> <strong>Joop<\/strong><\/em><\/p>\n","protected":false},"excerpt":{"rendered":"<p>In deze tijd van botox-, facelift- en huidverzorgings-veelverdieners,\u00a0 zou je haast vergeten dat ouder worden vanz\u00e9lf gaat. Op zich niet z\u00f3 erg: wat vanzelf gaat, gaat makkelijk. Zou je zo zeggen. Helaas blijken velen systematisch te verdringen hoe H\u00c9\u00c9RLIJK ouder worden eigenlijk is. (Neem nu alleen al het feit dat je nog steeds niet dood &#8230; <a title=\"Ouder Worden? &#8211; altijd doen!\" class=\"read-more\" href=\"https:\/\/wordpress.bruins.tech\/?page_id=860\" aria-label=\"Lees meer over Ouder Worden? &#8211; altijd doen!\">Lees verder<\/a><\/p>\n","protected":false},"author":3,"featured_media":0,"parent":17,"menu_order":0,"comment_status":"open","ping_status":"open","template":"","meta":{"footnotes":""},"class_list":["post-860","page","type-page","status-publish"],"_links":{"self":[{"href":"https:\/\/wordpress.bruins.tech\/index.php?rest_route=\/wp\/v2\/pages\/860","targetHints":{"allow":["GET"]}}],"collection":[{"href":"https:\/\/wordpress.bruins.tech\/index.php?rest_route=\/wp\/v2\/pages"}],"about":[{"href":"https:\/\/wordpress.bruins.tech\/index.php?rest_route=\/wp\/v2\/types\/page"}],"author":[{"embeddable":true,"href":"https:\/\/wordpress.bruins.tech\/index.php?rest_route=\/wp\/v2\/users\/3"}],"replies":[{"embeddable":true,"href":"https:\/\/wordpress.bruins.tech\/index.php?rest_route=%2Fwp%2Fv2%2Fcomments&post=860"}],"version-history":[{"count":0,"href":"https:\/\/wordpress.bruins.tech\/index.php?rest_route=\/wp\/v2\/pages\/860\/revisions"}],"up":[{"embeddable":true,"href":"https:\/\/wordpress.bruins.tech\/index.php?rest_route=\/wp\/v2\/pages\/17"}],"wp:attachment":[{"href":"https:\/\/wordpress.bruins.tech\/index.php?rest_route=%2Fwp%2Fv2%2Fmedia&parent=860"}],"curies":[{"name":"wp","href":"https:\/\/api.w.org\/{rel}","templated":true}]}}