{"id":875,"date":"2009-08-14T18:21:17","date_gmt":"2009-08-14T17:21:17","guid":{"rendered":"http:\/\/danverkoopjetochgewoonjehuis.nl\/?page_id=875"},"modified":"2009-08-14T18:21:17","modified_gmt":"2009-08-14T17:21:17","slug":"massamoord-geeft-veel-voldoening","status":"publish","type":"page","link":"https:\/\/wordpress.bruins.tech\/?page_id=875","title":{"rendered":"Massamoord geeft veel Voldoening!"},"content":{"rendered":"<p>Voordat jullie nu verontwaardigd overeind springen vanwege deze titel, beste lezertjes, haast ik mij te verklaren dat het hier om die in zeeroverstrui gestoken, vloekopwekkende, vliegende nagels aan je doodskist gaat die wij binnen ons platte taalgebied ook wel &#8216;<em>Wespen<\/em>&#8216; noemen. Deze volstrekt van enige wellevendheid verstoken medeschepselen hebben de gewoonte zich, vooral te onpas, nadrukkelijk te laten gelden door eerst maar eens een aanmeldingsrondje rond je hoofd te maken. Hoewel ze daarbij de gehooringangen bewust met penetratie bedreigen, komt het hier feitelijk hoogstzelden van; wat het vermoeden wettigt dat zij slechts z\u00e9ker willen stellen te zijn waargenomen.\u00a0 Zodra ze dit, middels het heftig wapperen en zinloos &#8216;van ons afslaan&#8217; waaruit onze reactie doorgaans bestaat, hebben vastgesteld ontwijken ze moeiteloos onze hopeloos te trage verdedigingsmotoriek en blijven ons &#8216;just for the fun of it&#8217; nog een wijle aan de gang houden &#8211; zelf ongetwijfeld hoogst geamuseerd.\u00a0 Hiern\u00e1 zoekt men als Wesp doorgaans weer de vrije ruimte op in de geruststellende wetenschap dat er altijd weer grofweg een (tien?)duizend broeders en zusters op deze ene vierkante kilometer rondzoeven die volop genegen zijn dit patroon per mens zo&#8217;n vijf tot tien keer per uur in stand te houden.\u00a0 Dat wil zeggen: wanneer wij &#8216;in ruste&#8217; zijn en ons bijvoorbeeld verpozen met een boek en\/of een MP3speler en een glas wijn.<br \/>\nZodra we echter menen iets te kunnen gaan <em>nuttigen<\/em> d\u00e1n komen deze doorgaans solistisch levende en ernstig karaktergestoorde klaplopers plotseling <em>massaal <\/em>opdagen; steevast met dezelfde bedoelingen als de schoonzonen-in-sp\u00e9 al bij Wim Sonneveld: <em>ze willen allemaal mee-eten<\/em> !!<\/p>\n<p>Nadat we dit zo eens haden waargenomen&#8230;<br \/>\nHadden verdrongen en verdragen&#8230;<br \/>\nEn wederom bevestigd werden in onze evaringen van vorige seizoenen, namelijk dat redelijke taal noch vermanende handgebaren ook maar tot enige attitudeverandering mochten leiden bij die @#$%$&amp;C@*Wespen,<br \/>\nbesloten we ten langen leste toch maar tot <em>drastische <\/em>maatregelen:<br \/>\nWe gingen over op massamoord.<br \/>\nDat werkt als volgt: men spoede zich naar een eenvoudig dienstbare firma, zoals bijvoorbeeld de &#8220;Blokker&#8221; en schaffe zich daar een zogenaamde &#8216;Wespenval&#8217; aan.<br \/>\nDit nuttige massavernietigingswapen is merkwaardigerwijs\u00a0<em> <\/em><em>vrij verkrijgbaar.<\/em> Het bestaat doorgaans uit een ophangbaar &#8216;kannetje&#8217; waarin men geacht wordt ruimhartig sterk-zoetgeurende vloeistoffen zoals limonade-siroop te gieten. Aangelokt door voornoemde geuren kan de Wesp echter slechts op \u00e9\u00e9n manier naar binnen.\u00a0 En natuurlijk <em>eigenlijk <\/em>\u00f3\u00f3k weer naar buiten &#8211; maar de doeltreffendheid van dit voorwerp berust op de waarneming dat Wespen ofwel een uiterst laag IQ genieten, dan wel de heer Alzheimer zeer navolgenswaardig achten: zij keutelen w\u00e9l idolaat achter hun geurpapillen aan, doch verzuimen daarbij enige routing op te slaan&#8230;<br \/>\nBinnen in ons massavernietigings werktuig vind ongeveer de volgende handelings- en conversatievolgorde (gelukkig herhaaldelijk) plaats:<br \/>\nWesp 2 &#8211; komt door de toegangsopening: &#8220;S\u00f2 h\u00e9e, dat ruikt hier niet verkeerd!&#8221;<br \/>\nWesp 1 &#8211; ligt bijna verdronken in dit zoet: &#8220;Bblub-ps \u00f3p- blubbb -gevaarlijkbblpp&#8221;<br \/>\nWesp 2 &#8211; negeert hem en kruipt naar de zoetgeurende vloeistof: &#8220;Zeur niet! eerst even een slokje..&#8221;<br \/>\nWesp 1 &#8211;\u00a0 &#8220;Bllbb, ..zopen, &#8230;!!&#8221;<br \/>\nWesp 2 &#8211; neemt steeds grotere slokken en raakt daarbij aangenaam bedwelmd: &#8220;MMmmm&#8221;<br \/>\nWesp 3 &#8211; komt door de toegangsopening: &#8220;S\u00f3\u00f3, d\u00e1t ruikt verrotse lekker!&#8221;<br \/>\nWesp 2 &#8211; ligt echter inmiddels ook alweer bijna verdronken in het zoet: &#8220;Bll-lpp -pas \u00f2p want- blubbbplp&#8221;<br \/>\n(&#8230;wordt eindeloos vervolgd, want even later komt: Wesp 4)<br \/>\nOp deze wijze blijken wij met inzet van slechts tw\u00e9\u00e9 apparaten \u00e1 euro 1.99 <em><strong>tot 120<\/strong><\/em> levens per dag doeltreffend te kunnen be\u00ebindigen<\/p>\n<p>Noot: Om dit proces op gang te houden dient men als geoefend massamoordenaar w\u00e9l eens per etmaal elk, inmiddels weer goedgevuld, massagraf te ledigen en na het omspoelen opnieuw te voorzien van zoetgeurende vloeistof\u00a0 (\u00e1 ca. euro 0.05) om te voorkomen dat een volgende @#$%&amp;*@#$Wesp <em>niet<\/em> meer kan verzuipen omdat &#8216;ie inmiddels droogvoets over de lijken van z&#8217;n voorgangers kuieren kan&#8230;<br \/>\nOnze oogst, <em>ruim 800 levens zijn inmiddels be\u00ebindigd<\/em>, stemt tot tevredenheid.<br \/>\nEnerzijds omdat het aantal ongenode langsvliegers te onzen, bij bijvoorbeeld buitenmaaltijden, nadrukkelijk zijn teruggelopen en<br \/>\nAnderzijds omdat: <em>als<\/em> je iets doet, je &#8217;t ook <em>goed<\/em> wilt doen.<br \/>\nWij blijken derhalve prima massamoordenaars: doelgericht, bekwaam, succesvol en zonder veel vroeging.<br \/>\nDaar had wellicht een internationale carri\u00e8re ingezeten.<br \/>\nHelaas: voorheen waren wij geoefende watjes.<br \/>\n(Daar waren we \u00f3\u00f3k goed in..)<br \/>\nEn tegenwoordig wensen wij n\u00e8rgens meer voor te g\u00e1\u00e1n.<\/p>\n<p>Het zal dus wel blijven bij het lezen van een goed boek<br \/>\nterwijl onze massavernietigingswapens gewoon doordraaien&#8230;<\/p>\n<p>Joop, 14 augustus 2009<\/p>\n","protected":false},"excerpt":{"rendered":"<p>Voordat jullie nu verontwaardigd overeind springen vanwege deze titel, beste lezertjes, haast ik mij te verklaren dat het hier om die in zeeroverstrui gestoken, vloekopwekkende, vliegende nagels aan je doodskist gaat die wij binnen ons platte taalgebied ook wel &#8216;Wespen&#8216; noemen. Deze volstrekt van enige wellevendheid verstoken medeschepselen hebben de gewoonte zich, vooral te onpas, &#8230; <a title=\"Massamoord geeft veel Voldoening!\" class=\"read-more\" href=\"https:\/\/wordpress.bruins.tech\/?page_id=875\" aria-label=\"Lees meer over Massamoord geeft veel Voldoening!\">Lees verder<\/a><\/p>\n","protected":false},"author":3,"featured_media":0,"parent":17,"menu_order":0,"comment_status":"open","ping_status":"open","template":"","meta":{"footnotes":""},"class_list":["post-875","page","type-page","status-publish"],"_links":{"self":[{"href":"https:\/\/wordpress.bruins.tech\/index.php?rest_route=\/wp\/v2\/pages\/875","targetHints":{"allow":["GET"]}}],"collection":[{"href":"https:\/\/wordpress.bruins.tech\/index.php?rest_route=\/wp\/v2\/pages"}],"about":[{"href":"https:\/\/wordpress.bruins.tech\/index.php?rest_route=\/wp\/v2\/types\/page"}],"author":[{"embeddable":true,"href":"https:\/\/wordpress.bruins.tech\/index.php?rest_route=\/wp\/v2\/users\/3"}],"replies":[{"embeddable":true,"href":"https:\/\/wordpress.bruins.tech\/index.php?rest_route=%2Fwp%2Fv2%2Fcomments&post=875"}],"version-history":[{"count":0,"href":"https:\/\/wordpress.bruins.tech\/index.php?rest_route=\/wp\/v2\/pages\/875\/revisions"}],"up":[{"embeddable":true,"href":"https:\/\/wordpress.bruins.tech\/index.php?rest_route=\/wp\/v2\/pages\/17"}],"wp:attachment":[{"href":"https:\/\/wordpress.bruins.tech\/index.php?rest_route=%2Fwp%2Fv2%2Fmedia&parent=875"}],"curies":[{"name":"wp","href":"https:\/\/api.w.org\/{rel}","templated":true}]}}