{"id":92,"date":"2007-02-18T19:32:02","date_gmt":"2007-02-18T17:32:02","guid":{"rendered":"http:\/\/danverkoopjetochgewoonjehuis.nl\/?page_id=92"},"modified":"2007-02-18T19:32:02","modified_gmt":"2007-02-18T17:32:02","slug":"correspondentie-met-jp","status":"publish","type":"page","link":"https:\/\/wordpress.bruins.tech\/?page_id=92","title":{"rendered":"Correspondentie met J.P."},"content":{"rendered":"<p><strong><em>Kwam binnen (naar bleek via jongste zoon Kasper): brief van J.P.<a href=\"mailto:Balkenende@Overheid.nl\">Balkenende@Overheid.nl<\/a> <\/em><\/strong> <\/p>\n<p>Geachte heer J.A.G. Bruins,<\/p>\n<p>Het is tot mijn attentie gebracht dat uw weblog \u00e9\u00e9n van de veroorzakers is van de onrust in ons politieke klimaat. Gevreesd wordt dat linkse praat, in combinatie met voorbeeldwerking van de verschillende vormen van huisvestingsregistratieontduiking die u bezigt en predikt [Plan Rekreatiewoning aan te kopen, RED.], het harde werk van voorgaande kabinetten niet enkel omzeilt maar tevens in een kwaad daglicht stelt. Ik zou u vriendelijk verzoeken de normen en waarden die ik in voorgaande jaren toch zo duidelijk uiteen heb gezet te respecteren en niet vanuit het buitenland in onwetendheid kritiek te uiten op een samenleving die nog steeds herstellende is van uw nu ontbrekende positie als hoeksteen. Naast dit beroep op uw vaderlandslievendheid deel ik u hierbij mede dat meerdere ambtenaren verdere ontwikkelingen op uw Weblog zullen monitoren. Vertrouwende dat u hiermee voldoende bent ingelicht verblijf ik,<\/p>\n<p>Kusjes,<\/p>\n<p>J.P. <\/p>\n<p><strong><em>Reactie terug vanuit j-h.bruins@hetnet.nl:<\/em><\/strong> <\/p>\n<p> Te Onzent Helaas Wat Weinig Beminde J.P.,<\/p>\n<p>Hoewel ik gaarne verneem dat ook \u00f3nze weblog een gepaste bijdrage levert aan de onrust in ons politieke klimaat, vrees ik toch dat de tot op heden ook door u zelf voorgestane beleidsnoties hieraan veel m\u00e9\u00e9r ten grondslag liggen. Met name het idolate verheerlijken van het &#8216;Angelsaksische&#8217; model (gepersonifieerd door het liefdesduo Bush\/Blair) -hierin treden trouwens bijvoorbeeld Verhagen en Uzelve ook ongezouten als <em>Cheerin&#8217;Girls <\/em>voor het voetlicht- breekt elke sociale samenhang uiterst effectief af. Daarn\u00e1 is &#8216;onrust&#8217; slechts een ander woord voor het logisch rendement van het welbewust gecre\u00eberde &#8216;recht van de sterkste&#8217; als dragend beginsel in demenselijke relaties. Ok\u00e9, het is \u00f3\u00f3k een &#8216;Norm.&#8217;, al is het de mijne niet(!). U had hierna nog slechts de keuze tussen konsekwent blijven: en <em>dus<\/em> langzaamaan een politiestaat optuigen <em>(<strong>want waar het recht aan de Sterkste ligt dient het Recht het st\u00e9rkst te zijn)<\/strong><\/em> \u00f3f terug te keren naar een werkelijke Waarde, zoals het idee van &#8216;gestandaardiseerd&#8217; kommitment, het middeling van belangen <em>tussen<\/em> mensen; waar mogelijk zelfs te baseren op een (latente en dus te stimul\u00e9ren!) w\u00e9ns tot verbondenheid van mensen onderling. Om op den duur wellicht zelfs weer van een Volk te mogen spreken. [Als &#8216;volksvertegenwoordiger\u2019 toch ook nooit weg..!?]<br \/>\nHelaas werd tot MIJN attentie gebracht dat dit laatste pas na krachtige overreding (door o.m. Wijffels) bij u enige ingang vond &#8211; waarmee u helaas ongeschikt blijkt voor een volgende periode: wij hebben WARME voorstanders van node. O\u00f3k om het ondergetekende mogelijk te maken zich wederom als Hoeksteen aan te bieden zoud u mij daarom een groot plezier doen door vanuit dit inzicht op korte termijn het veld te ruimen en daarmee onze Lage Landen braak te leggen voor het inzaaien van een Nieuwe Liefde &#8211; na de verdwenen kilte dus.<br \/>\nNB.: Uw voornemen m.b.t. het afname van het tal ambtenaren wordt zoals ik uit uw schrijven begrijp door mijn terugkeer (n\u00e1 uw aftreden dus) als terl\u00f3\u00f3ps ook nog gediend. Dit is vermoedelijk tevens het \u00e9nige punt dat ons BEIDEN verheugd, want getuige het bovenstaande kan ik het door U gebezigde onderschrift<br \/>\n&#8216;kusjes&#8217; slechts bezien als Gotspe dan wel vanuit Judas gebezigd..<\/p>\n<p>Vanzelfsprekend zal ik desgewenst -echter eerst N\u00c1 uw aftreden- gaarne uit de doeken doen hoe het leven van een niet meer arbeidsproductief echtpaar (althans niet in directe zin) <em>riant<\/em> kan worden ingericht ZONDER een overmatige claim te doen op in onze gemeenschap al zo schaarse producten als bouwgrond, (huur of andere-)woningen en\/of administratieve lasten bij Gemeentelijk diensten en diverse Nutsbedrijven. Op voorhand meld ik hierover vast dat &#8216;ontduiking&#8217; m.i. dan ook dient te worden gelezen als: &#8216;voor eigen rekening nemen in plaats van e.e.a. ten laste te brengen van Gemeenschapsmiddelen&#8217;.<\/p>\n<p>Met Moeizame Achting Verblijvend,<\/p>\n<p>J.A.G.<\/p>\n","protected":false},"excerpt":{"rendered":"<p>Kwam binnen (naar bleek via jongste zoon Kasper): brief van J.P.Balkenende@Overheid.nl Geachte heer J.A.G. Bruins, Het is tot mijn attentie gebracht dat uw weblog \u00e9\u00e9n van de veroorzakers is van de onrust in ons politieke klimaat. Gevreesd wordt dat linkse praat, in combinatie met voorbeeldwerking van de verschillende vormen van huisvestingsregistratieontduiking die u bezigt en &#8230; <a title=\"Correspondentie met J.P.\" class=\"read-more\" href=\"https:\/\/wordpress.bruins.tech\/?page_id=92\" aria-label=\"Lees meer over Correspondentie met J.P.\">Lees verder<\/a><\/p>\n","protected":false},"author":3,"featured_media":0,"parent":17,"menu_order":0,"comment_status":"open","ping_status":"open","template":"","meta":{"footnotes":""},"class_list":["post-92","page","type-page","status-publish"],"_links":{"self":[{"href":"https:\/\/wordpress.bruins.tech\/index.php?rest_route=\/wp\/v2\/pages\/92","targetHints":{"allow":["GET"]}}],"collection":[{"href":"https:\/\/wordpress.bruins.tech\/index.php?rest_route=\/wp\/v2\/pages"}],"about":[{"href":"https:\/\/wordpress.bruins.tech\/index.php?rest_route=\/wp\/v2\/types\/page"}],"author":[{"embeddable":true,"href":"https:\/\/wordpress.bruins.tech\/index.php?rest_route=\/wp\/v2\/users\/3"}],"replies":[{"embeddable":true,"href":"https:\/\/wordpress.bruins.tech\/index.php?rest_route=%2Fwp%2Fv2%2Fcomments&post=92"}],"version-history":[{"count":0,"href":"https:\/\/wordpress.bruins.tech\/index.php?rest_route=\/wp\/v2\/pages\/92\/revisions"}],"up":[{"embeddable":true,"href":"https:\/\/wordpress.bruins.tech\/index.php?rest_route=\/wp\/v2\/pages\/17"}],"wp:attachment":[{"href":"https:\/\/wordpress.bruins.tech\/index.php?rest_route=%2Fwp%2Fv2%2Fmedia&parent=92"}],"curies":[{"name":"wp","href":"https:\/\/api.w.org\/{rel}","templated":true}]}}